{"id":2598,"date":"2018-08-30T10:09:57","date_gmt":"2018-08-30T08:09:57","guid":{"rendered":"https:\/\/www.hotelcormoran.com\/pagina-di-esempio\/"},"modified":"2019-03-29T18:06:46","modified_gmt":"2019-03-29T17:06:46","slug":"pagina-di-esempio","status":"publish","type":"page","link":"https:\/\/www.hotelcormoran.com\/de\/","title":{"rendered":"Ihre &#8222;Nummer sicher&#8220; am Meer von Cattolica"},"content":{"rendered":"<h2>Ihr Hotel in n\u00e4chster N\u00e4he zum privaten Strand, mit einem Pool f\u00fcr Erwachsene und Kinder und weiteren exklusiven Serviceleistungen<\/h2>\n<p>Das\u00a0<strong>4-Sterne Hotel Cormoran am Meer von Cattolica<\/strong>\u00a0liegt im westlichen Teil der Stadt und bietet Ihnen eine herrliche Aussicht auf den letzten Ausl\u00e4ufer der Riviera Romagnola. Die\u00a0<strong>Familie Silvagni<\/strong>\u00a0freut sich, Sie in Ihrem Urlaub rundum zu verw\u00f6hnen. An der schlichten, farbenfrohen Rezeption mit Vintage-Charme schenkt man Ihnen stets ein freundliches L\u00e4cheln und ein offenes Ohr f\u00fcr Ihre W\u00fcnsche.<\/p>\n<p>Das Hotel zeichnet sich durch seinen \u00a0<strong>gro\u00dfen Au\u00dfenbereich mit Solarium und Schwimmbecken<\/strong>\u00a0\u2013 einem olympischen Becken mit Sprungbrett und Gegenstromanlage, einem beheizten Whirlpool und einem Kinderbecken \u2013 aus. Au\u00dferdem gibt es\u00a0<strong>einen Kinderspielbereich<\/strong>\u00a0mit einem gro\u00dfen Tischtennistisch.<\/p>\n<div id='gallery-1' class='gallery galleryid-2598 gallery-columns-4 gallery-size-medium'><figure class='gallery-item'>\n\t\t\t<div class='gallery-icon landscape'>\n\t\t\t\t<a href='https:\/\/www.hotelcormoran.com\/wp-content\/uploads\/2019\/03\/20170429_131321.jpg' data-size=\"4032x3024\" title=\"Immagine galleria\"><img loading=\"lazy\" decoding=\"async\" width=\"300\" height=\"300\" src=\"https:\/\/www.hotelcormoran.com\/wp-content\/uploads\/2019\/03\/20170429_131321-300x300.jpg\" class=\"attachment-medium size-medium\" alt=\"\" srcset=\"https:\/\/www.hotelcormoran.com\/wp-content\/uploads\/2019\/03\/20170429_131321-300x300.jpg 300w, https:\/\/www.hotelcormoran.com\/wp-content\/uploads\/2019\/03\/20170429_131321-150x150.jpg 150w, https:\/\/www.hotelcormoran.com\/wp-content\/uploads\/2019\/03\/20170429_131321-1024x1024.jpg 1024w, https:\/\/www.hotelcormoran.com\/wp-content\/uploads\/2019\/03\/20170429_131321-500x500.jpg 500w\" sizes=\"auto, (max-width: 300px) 100vw, 300px\" \/><\/a>\n\t\t\t<\/div><\/figure><figure class='gallery-item'>\n\t\t\t<div class='gallery-icon landscape'>\n\t\t\t\t<a href='https:\/\/www.hotelcormoran.com\/wp-content\/uploads\/2019\/03\/20150511_163628-e1642580704875.jpg' data-size=\"2000x1019\" title=\"Immagine galleria\"><img loading=\"lazy\" decoding=\"async\" width=\"300\" height=\"300\" src=\"https:\/\/www.hotelcormoran.com\/wp-content\/uploads\/2019\/03\/20150511_163628-300x300.jpg\" class=\"attachment-medium size-medium\" alt=\"\" srcset=\"https:\/\/www.hotelcormoran.com\/wp-content\/uploads\/2019\/03\/20150511_163628-300x300.jpg 300w, https:\/\/www.hotelcormoran.com\/wp-content\/uploads\/2019\/03\/20150511_163628-150x150.jpg 150w, https:\/\/www.hotelcormoran.com\/wp-content\/uploads\/2019\/03\/20150511_163628-1024x1019.jpg 1024w, https:\/\/www.hotelcormoran.com\/wp-content\/uploads\/2019\/03\/20150511_163628-500x500.jpg 500w\" sizes=\"auto, (max-width: 300px) 100vw, 300px\" \/><\/a>\n\t\t\t<\/div><\/figure><figure class='gallery-item'>\n\t\t\t<div class='gallery-icon landscape'>\n\t\t\t\t<a href='https:\/\/www.hotelcormoran.com\/wp-content\/uploads\/2019\/03\/20170520_123853.jpg' data-size=\"1000x728\" title=\"Immagine galleria\"><img loading=\"lazy\" decoding=\"async\" width=\"300\" height=\"300\" src=\"https:\/\/www.hotelcormoran.com\/wp-content\/uploads\/2019\/03\/20170520_123853-300x300.jpg\" class=\"attachment-medium size-medium\" alt=\"\" srcset=\"https:\/\/www.hotelcormoran.com\/wp-content\/uploads\/2019\/03\/20170520_123853-300x300.jpg 300w, https:\/\/www.hotelcormoran.com\/wp-content\/uploads\/2019\/03\/20170520_123853-150x150.jpg 150w, https:\/\/www.hotelcormoran.com\/wp-content\/uploads\/2019\/03\/20170520_123853-500x500.jpg 500w\" sizes=\"auto, (max-width: 300px) 100vw, 300px\" \/><\/a>\n\t\t\t<\/div><\/figure><figure class='gallery-item'>\n\t\t\t<div class='gallery-icon landscape'>\n\t\t\t\t<a href='https:\/\/www.hotelcormoran.com\/wp-content\/uploads\/2019\/03\/IMG_3555.jpg' data-size=\"1000x628\" title=\"Immagine galleria\"><img loading=\"lazy\" decoding=\"async\" width=\"300\" height=\"300\" src=\"https:\/\/www.hotelcormoran.com\/wp-content\/uploads\/2019\/03\/IMG_3555-300x300.jpg\" class=\"attachment-medium size-medium\" alt=\"biliardo\" srcset=\"https:\/\/www.hotelcormoran.com\/wp-content\/uploads\/2019\/03\/IMG_3555-300x300.jpg 300w, https:\/\/www.hotelcormoran.com\/wp-content\/uploads\/2019\/03\/IMG_3555-150x150.jpg 150w, https:\/\/www.hotelcormoran.com\/wp-content\/uploads\/2019\/03\/IMG_3555-500x500.jpg 500w\" sizes=\"auto, (max-width: 300px) 100vw, 300px\" \/><\/a>\n\t\t\t<\/div><\/figure>\n\t\t<\/div>\n\n<p>Auch<strong>\u00a0die Autos unserer G\u00e4ste<\/strong>\u00a0haben ihren Platz: Direkt neben dem Hotel befinden sich zwei gro\u00dfe (eingez\u00e4unte und kostenfreie) Privatparkpl\u00e4tze. Man muss nur die Stra\u00dfe \u00fcberqueren, um zum gro\u00dfen\u00a0<strong>hoteleigenen Strand<\/strong>\u00a0mit zahlreichen Annehmlichkeiten zu kommen: die Sonnenschirm-Reihen bieten gen\u00fcgend Abstand, um den G\u00e4sten maximale Ruhe zu garantieren.<\/p>\n<p>Hier logieren Sie\u00a0<strong>in einer \u00e4u\u00dferst privilegierten Lage, um die Stadt Cattolica zu besuchen<\/strong>\u00a0und einen perfekten, unbeschwerten Urlaub zwischen Spa\u00df und Erholung zu genie\u00dfen.<\/p>\n<p>Und wenn Sie etwas Besonderes erleben m\u00f6chten, besuchen Sie das Aquarium von Cattolica, direkt neben dem Hotel Cormoran.<\/p>\n","protected":false},"excerpt":{"rendered":"<p>Ihr Hotel in n\u00e4chster N\u00e4he zum privaten Strand, mit einem Pool f\u00fcr Erwachsene und Kinder und weiteren exklusiven Serviceleistungen Das\u00a04-Sterne Hotel Cormoran am Meer von Cattolica\u00a0liegt im westlichen Teil der Stadt und bietet Ihnen eine herrliche Aussicht auf den letzten Ausl\u00e4ufer der Riviera Romagnola. Die\u00a0Familie Silvagni\u00a0freut sich, Sie in Ihrem Urlaub rundum zu verw\u00f6hnen. An der schlichten, farbenfrohen Rezeption mit Vintage-Charme schenkt man Ihnen stets ein freundliches L\u00e4cheln und ein &#8230;<\/p>\n","protected":false},"author":1,"featured_media":0,"parent":0,"menu_order":0,"comment_status":"closed","ping_status":"closed","template":"","meta":{"_acf_changed":false},"class_list":["post-2598","page","type-page","status-publish","hentry"],"acf":[],"_links":{"self":[{"href":"https:\/\/www.hotelcormoran.com\/de\/wp-json\/wp\/v2\/pages\/2598","targetHints":{"allow":["GET"]}}],"collection":[{"href":"https:\/\/www.hotelcormoran.com\/de\/wp-json\/wp\/v2\/pages"}],"about":[{"href":"https:\/\/www.hotelcormoran.com\/de\/wp-json\/wp\/v2\/types\/page"}],"author":[{"embeddable":true,"href":"https:\/\/www.hotelcormoran.com\/de\/wp-json\/wp\/v2\/users\/1"}],"replies":[{"embeddable":true,"href":"https:\/\/www.hotelcormoran.com\/de\/wp-json\/wp\/v2\/comments?post=2598"}],"version-history":[{"count":0,"href":"https:\/\/www.hotelcormoran.com\/de\/wp-json\/wp\/v2\/pages\/2598\/revisions"}],"wp:attachment":[{"href":"https:\/\/www.hotelcormoran.com\/de\/wp-json\/wp\/v2\/media?parent=2598"}],"curies":[{"name":"wp","href":"https:\/\/api.w.org\/{rel}","templated":true}]}}