{"id":2612,"date":"2019-03-25T11:13:51","date_gmt":"2019-03-25T10:13:51","guid":{"rendered":"https:\/\/www.hotelcormoran.com\/attivita-sportive-cattolica\/"},"modified":"2019-03-29T12:48:42","modified_gmt":"2019-03-29T11:48:42","slug":"axtiv-urlaub-cattolica","status":"publish","type":"page","link":"https:\/\/www.hotelcormoran.com\/de\/axtiv-urlaub-cattolica\/","title":{"rendered":"Aktiv Urlaub im Cattolica"},"content":{"rendered":"<h3>GOLF<\/h3>\n<p>RIVIERA GOLF, nur 15 Minuten von uns entfernt, ist ein polyfunktionelles Sportzentrum, das unserer Kundschaft alle Vorteile einer Relax-und Wohlbefinden-Insel anbieten kann.<br \/>\nAm\u00a0<strong>Riviera Golf<\/strong>\u00a0finden Sie:<\/p>\n<ul>\n<li>18 Championship L\u00f6cher (PAR 70)<\/li>\n<li>\u00dcbungsspielplatz mit 12 Stellungen<\/li>\n<li>18 L\u00f6cher-Putting Green<\/li>\n<li>EXECUTUVE 9 L\u00f6cher (PAR 27)<\/li>\n<li>Umkleideraum f\u00fcr Damen und Herren<\/li>\n<li>Golfsack-Raum<\/li>\n<li>Verleih von Golf Carts, Wagen, S\u00e4cken, Pro Shop<\/li>\n<li>Golf Academy<\/li>\n<li>Club-House (Bar und Restaurant)<\/li>\n<li>80 mt langes Schwimmbad (Freibad)<\/li>\n<li>Hallenschwimmbad mit Unterwassermassage<\/li>\n<li>Sauna, t\u00fcrkisches Bad, Massagenzentrum<\/li>\n<li>Tennisplatz<\/li>\n<li>Tennis Academy<\/li>\n<\/ul>\n<div id='gallery-1' class='gallery galleryid-2612 gallery-columns-4 gallery-size-medium'><figure class='gallery-item'>\n\t\t\t<div class='gallery-icon landscape'>\n\t\t\t\t<a href='https:\/\/www.hotelcormoran.com\/wp-content\/uploads\/2019\/03\/ciclismo.jpg' data-size=\"1126x752\" title=\"Immagine galleria\"><img loading=\"lazy\" decoding=\"async\" width=\"300\" height=\"300\" src=\"https:\/\/www.hotelcormoran.com\/wp-content\/uploads\/2019\/03\/ciclismo-300x300.jpg\" class=\"attachment-medium size-medium\" alt=\"\" srcset=\"https:\/\/www.hotelcormoran.com\/wp-content\/uploads\/2019\/03\/ciclismo-300x300.jpg 300w, https:\/\/www.hotelcormoran.com\/wp-content\/uploads\/2019\/03\/ciclismo-150x150.jpg 150w, https:\/\/www.hotelcormoran.com\/wp-content\/uploads\/2019\/03\/ciclismo-500x500.jpg 500w\" sizes=\"auto, (max-width: 300px) 100vw, 300px\" \/><\/a>\n\t\t\t<\/div><\/figure><figure class='gallery-item'>\n\t\t\t<div class='gallery-icon landscape'>\n\t\t\t\t<a href='https:\/\/www.hotelcormoran.com\/wp-content\/uploads\/2019\/03\/tennis.jpg' data-size=\"829x553\" title=\"Immagine galleria\"><img loading=\"lazy\" decoding=\"async\" width=\"300\" height=\"300\" src=\"https:\/\/www.hotelcormoran.com\/wp-content\/uploads\/2019\/03\/tennis-300x300.jpg\" class=\"attachment-medium size-medium\" alt=\"\" srcset=\"https:\/\/www.hotelcormoran.com\/wp-content\/uploads\/2019\/03\/tennis-300x300.jpg 300w, https:\/\/www.hotelcormoran.com\/wp-content\/uploads\/2019\/03\/tennis-150x150.jpg 150w, https:\/\/www.hotelcormoran.com\/wp-content\/uploads\/2019\/03\/tennis-500x500.jpg 500w\" sizes=\"auto, (max-width: 300px) 100vw, 300px\" \/><\/a>\n\t\t\t<\/div><\/figure><figure class='gallery-item'>\n\t\t\t<div class='gallery-icon landscape'>\n\t\t\t\t<a href='https:\/\/www.hotelcormoran.com\/wp-content\/uploads\/2019\/03\/tennis2.jpg' data-size=\"1601x1005\" title=\"Immagine galleria\"><img loading=\"lazy\" decoding=\"async\" width=\"300\" height=\"300\" src=\"https:\/\/www.hotelcormoran.com\/wp-content\/uploads\/2019\/03\/tennis2-300x300.jpg\" class=\"attachment-medium size-medium\" alt=\"\" srcset=\"https:\/\/www.hotelcormoran.com\/wp-content\/uploads\/2019\/03\/tennis2-300x300.jpg 300w, https:\/\/www.hotelcormoran.com\/wp-content\/uploads\/2019\/03\/tennis2-150x150.jpg 150w, https:\/\/www.hotelcormoran.com\/wp-content\/uploads\/2019\/03\/tennis2-500x500.jpg 500w\" sizes=\"auto, (max-width: 300px) 100vw, 300px\" \/><\/a>\n\t\t\t<\/div><\/figure><figure class='gallery-item'>\n\t\t\t<div class='gallery-icon landscape'>\n\t\t\t\t<a href='https:\/\/www.hotelcormoran.com\/wp-content\/uploads\/2019\/03\/golf.jpg' data-size=\"933x622\" title=\"Immagine galleria\"><img loading=\"lazy\" decoding=\"async\" width=\"300\" height=\"300\" src=\"https:\/\/www.hotelcormoran.com\/wp-content\/uploads\/2019\/03\/golf-300x300.jpg\" class=\"attachment-medium size-medium\" alt=\"\" srcset=\"https:\/\/www.hotelcormoran.com\/wp-content\/uploads\/2019\/03\/golf-300x300.jpg 300w, https:\/\/www.hotelcormoran.com\/wp-content\/uploads\/2019\/03\/golf-150x150.jpg 150w, https:\/\/www.hotelcormoran.com\/wp-content\/uploads\/2019\/03\/golf-500x500.jpg 500w\" sizes=\"auto, (max-width: 300px) 100vw, 300px\" \/><\/a>\n\t\t\t<\/div><\/figure>\n\t\t<\/div>\n\n<h3>TENNIS + FU\u00dfBALL<\/h3>\n<p>Es ist moeglich Tenniszu spielen, da Spiel-Plaetze in der unmittelbaren Umgebung zur Verfuegung stehen.<\/p>\n<h3>TREKKING &amp; NORDIK WALKING<\/h3>\n<p>Der Naturpark von San Bartolo ist der ideale Ort, um in die Natur einzutauchen. Wir organisieren Wanderungen, um fantastische Orte und atemberaubende Aussichten zu entdecken.<\/p>\n<h3>REITEN<\/h3>\n<p>Nur 15 Minuten entfernt, beherbergt das Horses Riviera Resort jedes Jahr gro\u00dfe nationale und internationale Wettbewerbe<br \/>\nDas Horses Riviera Resort liegt in San Giovanni in Marignano, 3 km. von der Autobahnausfahrt Cattolica (A14) und nur 15 Minuten vom Hotel\u00a0Cormoran.<\/p>\n<h3>RADFAHREN<\/h3>\n<p>Unbegrenzte M\u00f6glichkeiten f\u00fcr Radfahrer, alle besonders interessant und mit unterschiedlichen Schwierigkeitsgraden. Um nur ein paar Routen zu nennen: Nur wenige Minuten von uns entfernt beginnt der ber\u00fchmte Panoramaweg des Monte San Bartolo, mehrmals der Protagonist des Giro d\u2019Italia; das Hinterland mit Gradara, Mondaino, Saludecio und Montegridolfo, aber auch Urbino und Carpegna, auch bekannt f\u00fcr alle Liebhaber des Giro. Noch dazu einen Radweg entlang dem Concafluss von Cattolica bis Morciano.<br \/>\nSammle einzigartige und unvergessliche Erlebnisse!<\/p>\n","protected":false},"excerpt":{"rendered":"<p>GOLF RIVIERA GOLF, nur 15 Minuten von uns entfernt, ist ein polyfunktionelles Sportzentrum, das unserer Kundschaft alle Vorteile einer Relax-und Wohlbefinden-Insel anbieten kann. Am\u00a0Riviera Golf\u00a0finden Sie: 18 Championship L\u00f6cher (PAR 70) \u00dcbungsspielplatz mit 12 Stellungen 18 L\u00f6cher-Putting Green EXECUTUVE 9 L\u00f6cher (PAR 27) Umkleideraum f\u00fcr Damen und Herren Golfsack-Raum Verleih von Golf Carts, Wagen, S\u00e4cken, Pro Shop Golf Academy Club-House (Bar und Restaurant) 80 mt langes Schwimmbad (Freibad) Hallenschwimmbad mit &#8230;<\/p>\n","protected":false},"author":1,"featured_media":0,"parent":0,"menu_order":0,"comment_status":"closed","ping_status":"closed","template":"","meta":{"_acf_changed":false},"class_list":["post-2612","page","type-page","status-publish","hentry"],"acf":[],"_links":{"self":[{"href":"https:\/\/www.hotelcormoran.com\/de\/wp-json\/wp\/v2\/pages\/2612","targetHints":{"allow":["GET"]}}],"collection":[{"href":"https:\/\/www.hotelcormoran.com\/de\/wp-json\/wp\/v2\/pages"}],"about":[{"href":"https:\/\/www.hotelcormoran.com\/de\/wp-json\/wp\/v2\/types\/page"}],"author":[{"embeddable":true,"href":"https:\/\/www.hotelcormoran.com\/de\/wp-json\/wp\/v2\/users\/1"}],"replies":[{"embeddable":true,"href":"https:\/\/www.hotelcormoran.com\/de\/wp-json\/wp\/v2\/comments?post=2612"}],"version-history":[{"count":0,"href":"https:\/\/www.hotelcormoran.com\/de\/wp-json\/wp\/v2\/pages\/2612\/revisions"}],"wp:attachment":[{"href":"https:\/\/www.hotelcormoran.com\/de\/wp-json\/wp\/v2\/media?parent=2612"}],"curies":[{"name":"wp","href":"https:\/\/api.w.org\/{rel}","templated":true}]}}