{"id":2614,"date":"2017-12-11T10:18:14","date_gmt":"2017-12-11T09:18:14","guid":{"rendered":"https:\/\/www.hotelcormoran.com\/camere-vista-mare\/"},"modified":"2019-03-29T13:01:56","modified_gmt":"2019-03-29T12:01:56","slug":"zimmer-mit-meerblick","status":"publish","type":"page","link":"https:\/\/www.hotelcormoran.com\/de\/zimmer-mit-meerblick\/","title":{"rendered":"Ger\u00e4umige, komfortable Zimmer mit Meerblick"},"content":{"rendered":"<h2>Hier wachen Sie jeden Tag mit einer herrlichen Aussicht auf den goldenen Strand und das blaue Meer auf<\/h2>\n<p>Die\u00a0<strong>Zimmer im Hotel<\/strong>\u00a0<strong>Cormoransorgen<\/strong>\u00a0f\u00fcr ultimative Erholung und Entspannung. Die Freude an einem guten Schlaf wird noch gr\u00f6\u00dfer, wenn am Morgen ein atemberaubendes Panorama wartet.<\/p>\n<p>Die Zimmer sind allesamt\u00a0<strong>mit einem gro\u00dfen Balkon<\/strong>, teilweise mit Meerblick, teilweise mit Blick auf den\u00a0<strong>Strand von Cattolica<\/strong>\u00a0ausgestattet.<br \/>\nSo k\u00f6nnen Sie im Urlaub tief durchatmen und jeden Abend einen romantischen Sonnenuntergang genie\u00dfen, w\u00e4hrend die Meeresbrise sanft Ihre Haut streichelt.<\/p>\n<p>Alle \u00a0<strong>Zimmer sind ger\u00e4umig und hell<\/strong>, in einem einfachen und funktionalen Stil eingerichtet, um all Ihren Bed\u00fcrfnissen gerecht zu werden. F\u00fcr Familien gibt es Zimmer f\u00fcr bis zu vier G\u00e4ste. Das praktische Sofa kann, wenn n\u00f6tig, in ein Bett verwandelt werden. Jedes Zimmer verf\u00fcgt \u00fcber ein eigenes Bad mit Dusche oder Badewanne und Haartrockner.<\/p>\n<div id='gallery-1' class='gallery galleryid-2614 gallery-columns-3 gallery-size-medium'><figure class='gallery-item'>\n\t\t\t<div class='gallery-icon landscape'>\n\t\t\t\t<a href='https:\/\/www.hotelcormoran.com\/wp-content\/uploads\/2019\/03\/DSC9063.jpg' data-size=\"1440x927\" title=\"Immagine galleria\"><img loading=\"lazy\" decoding=\"async\" width=\"300\" height=\"300\" src=\"https:\/\/www.hotelcormoran.com\/wp-content\/uploads\/2019\/03\/DSC9063-300x300.jpg\" class=\"attachment-medium size-medium\" alt=\"\" srcset=\"https:\/\/www.hotelcormoran.com\/wp-content\/uploads\/2019\/03\/DSC9063-300x300.jpg 300w, https:\/\/www.hotelcormoran.com\/wp-content\/uploads\/2019\/03\/DSC9063-150x150.jpg 150w, https:\/\/www.hotelcormoran.com\/wp-content\/uploads\/2019\/03\/DSC9063-500x500.jpg 500w\" sizes=\"auto, (max-width: 300px) 100vw, 300px\" \/><\/a>\n\t\t\t<\/div><\/figure><figure class='gallery-item'>\n\t\t\t<div class='gallery-icon landscape'>\n\t\t\t\t<a href='https:\/\/www.hotelcormoran.com\/wp-content\/uploads\/2019\/03\/DSC9103.jpg' data-size=\"1440x958\" title=\"Immagine galleria\"><img loading=\"lazy\" decoding=\"async\" width=\"300\" height=\"300\" src=\"https:\/\/www.hotelcormoran.com\/wp-content\/uploads\/2019\/03\/DSC9103-300x300.jpg\" class=\"attachment-medium size-medium\" alt=\"\" srcset=\"https:\/\/www.hotelcormoran.com\/wp-content\/uploads\/2019\/03\/DSC9103-300x300.jpg 300w, https:\/\/www.hotelcormoran.com\/wp-content\/uploads\/2019\/03\/DSC9103-150x150.jpg 150w, https:\/\/www.hotelcormoran.com\/wp-content\/uploads\/2019\/03\/DSC9103-500x500.jpg 500w\" sizes=\"auto, (max-width: 300px) 100vw, 300px\" \/><\/a>\n\t\t\t<\/div><\/figure><figure class='gallery-item'>\n\t\t\t<div class='gallery-icon landscape'>\n\t\t\t\t<a href='https:\/\/www.hotelcormoran.com\/wp-content\/uploads\/2019\/03\/DSC9150.jpg' data-size=\"1440x920\" title=\"Immagine galleria\"><img loading=\"lazy\" decoding=\"async\" width=\"300\" height=\"300\" src=\"https:\/\/www.hotelcormoran.com\/wp-content\/uploads\/2019\/03\/DSC9150-300x300.jpg\" class=\"attachment-medium size-medium\" alt=\"\" srcset=\"https:\/\/www.hotelcormoran.com\/wp-content\/uploads\/2019\/03\/DSC9150-300x300.jpg 300w, https:\/\/www.hotelcormoran.com\/wp-content\/uploads\/2019\/03\/DSC9150-150x150.jpg 150w, https:\/\/www.hotelcormoran.com\/wp-content\/uploads\/2019\/03\/DSC9150-500x500.jpg 500w\" sizes=\"auto, (max-width: 300px) 100vw, 300px\" \/><\/a>\n\t\t\t<\/div><\/figure>\n\t\t<\/div>\n\n<p>Im Hotel Cormoran sollen Sie sich auf dem Zimmer stets rundum wohlf\u00fchlen. Eine\u00a0\u00a0<strong>Klimaanlage sorgt stets f\u00fcr die n\u00f6tige Erfrischung<\/strong>\u00a0 im gesamten Hotel. Jedes Mal, wenn Sie mit Ihrem Smartphone ins Internet einsteigen m\u00f6chten, k\u00f6nnen Sie das hoteleigene WLAN n\u00fctzen. Ideal, um Ihre Fotos vom Meer mit Ihren Freunden zu teilen.<\/p>\n<p><strong>Die Zimmer verf\u00fcgen auch \u00fcber Radio, Sat-TV, Safe und Minibar.<\/strong><\/p>\n","protected":false},"excerpt":{"rendered":"<p>Hier wachen Sie jeden Tag mit einer herrlichen Aussicht auf den goldenen Strand und das blaue Meer auf Die\u00a0Zimmer im Hotel\u00a0Cormoransorgen\u00a0f\u00fcr ultimative Erholung und Entspannung. Die Freude an einem guten Schlaf wird noch gr\u00f6\u00dfer, wenn am Morgen ein atemberaubendes Panorama wartet. Die Zimmer sind allesamt\u00a0mit einem gro\u00dfen Balkon, teilweise mit Meerblick, teilweise mit Blick auf den\u00a0Strand von Cattolica\u00a0ausgestattet. So k\u00f6nnen Sie im Urlaub tief durchatmen und jeden Abend einen romantischen &#8230;<\/p>\n","protected":false},"author":1,"featured_media":0,"parent":0,"menu_order":0,"comment_status":"closed","ping_status":"closed","template":"","meta":{"_acf_changed":false},"class_list":["post-2614","page","type-page","status-publish","hentry"],"acf":[],"_links":{"self":[{"href":"https:\/\/www.hotelcormoran.com\/de\/wp-json\/wp\/v2\/pages\/2614","targetHints":{"allow":["GET"]}}],"collection":[{"href":"https:\/\/www.hotelcormoran.com\/de\/wp-json\/wp\/v2\/pages"}],"about":[{"href":"https:\/\/www.hotelcormoran.com\/de\/wp-json\/wp\/v2\/types\/page"}],"author":[{"embeddable":true,"href":"https:\/\/www.hotelcormoran.com\/de\/wp-json\/wp\/v2\/users\/1"}],"replies":[{"embeddable":true,"href":"https:\/\/www.hotelcormoran.com\/de\/wp-json\/wp\/v2\/comments?post=2614"}],"version-history":[{"count":0,"href":"https:\/\/www.hotelcormoran.com\/de\/wp-json\/wp\/v2\/pages\/2614\/revisions"}],"wp:attachment":[{"href":"https:\/\/www.hotelcormoran.com\/de\/wp-json\/wp\/v2\/media?parent=2614"}],"curies":[{"name":"wp","href":"https:\/\/api.w.org\/{rel}","templated":true}]}}