{"id":2616,"date":"2019-03-25T11:11:41","date_gmt":"2019-03-25T10:11:41","guid":{"rendered":"https:\/\/www.hotelcormoran.com\/bike-friendly-hotel\/"},"modified":"2019-03-29T14:12:22","modified_gmt":"2019-03-29T13:12:22","slug":"fahrradfreundliches-hotel","status":"publish","type":"page","link":"https:\/\/www.hotelcormoran.com\/de\/fahrradfreundliches-hotel\/","title":{"rendered":"Fahrradfreundliches Hotel"},"content":{"rendered":"<p>Im Hotel Cormoran in Cattolica sind Sportler besondere G\u00e4ste.<br \/>\nWenn Sie Ihren Sporturlaub im Hotel Cormoran verbringen, werden Sie folgende<\/p>\n<h3>Dienstleistungen finden:<\/h3>\n<ul>\n<li>Fahrr\u00e4derraum und Werkstattbereich f\u00fcr kleine Reparaturen.<\/li>\n<li>Gef\u00fchrte Ausfahrten mit erfahrene Bike-Guides f\u00fcr Gruppen von mindestens 5 Personen.<\/li>\n<li>W\u00e4scheservice f\u00fcr technische Bekleidung.<\/li>\n<li>Swimmingpool (Mt. 25\u00d710) mit Gegenstromanlage, Sprungbrett, Whirlpool und Sonnenliegen.<\/li>\n<li>Badetuch f\u00fcr den Pool.<\/li>\n<li>Sondervereinbarungen mit Fachgesch\u00e4fte f\u00fcr Radfahrer<\/li>\n<li>Reichhaltiges Fr\u00fchst\u00fcck.<\/li>\n<li>Voll- oder Halbpension inklusive Getr\u00e4nke (Mineralwasser und Wein oder alkoholfreie Getr\u00e4nke zu den Mahlzeiten).<\/li>\n<li>3 Men\u00fcs zur Auswahl und ein reichhaltiges Buffet mit Vorspeisen und Gem\u00fcse.<\/li>\n<li>Nachmittags Snack, s\u00fc\u00df und salzig, bei der R\u00fcckkehr von Radtouren.<\/li>\n<li>Fitnessraum zur Verf\u00fcgung.<\/li>\n<li>Tennisplatz unf Tischtennis frei.<\/li>\n<li>Privater Parkplatz.<\/li>\n<li>Internet Point und kostenloses Wi-Fi im ganzen Hotel, im Zimmer und am Strand.<\/li>\n<\/ul>\n<div id='gallery-1' class='gallery galleryid-2616 gallery-columns-4 gallery-size-medium'><figure class='gallery-item'>\n\t\t\t<div class='gallery-icon landscape'>\n\t\t\t\t<a href='https:\/\/www.hotelcormoran.com\/wp-content\/uploads\/2019\/03\/gallery-bike.jpg' data-size=\"1348x883\" title=\"Immagine galleria\"><img loading=\"lazy\" decoding=\"async\" width=\"300\" height=\"300\" src=\"https:\/\/www.hotelcormoran.com\/wp-content\/uploads\/2019\/03\/gallery-bike-300x300.jpg\" class=\"attachment-medium size-medium\" alt=\"\" srcset=\"https:\/\/www.hotelcormoran.com\/wp-content\/uploads\/2019\/03\/gallery-bike-300x300.jpg 300w, https:\/\/www.hotelcormoran.com\/wp-content\/uploads\/2019\/03\/gallery-bike-150x150.jpg 150w, https:\/\/www.hotelcormoran.com\/wp-content\/uploads\/2019\/03\/gallery-bike-500x500.jpg 500w\" sizes=\"auto, (max-width: 300px) 100vw, 300px\" \/><\/a>\n\t\t\t<\/div><\/figure><figure class='gallery-item'>\n\t\t\t<div class='gallery-icon landscape'>\n\t\t\t\t<a href='https:\/\/www.hotelcormoran.com\/wp-content\/uploads\/2019\/03\/gallery-bike2.jpg' data-size=\"1000x732\" title=\"Immagine galleria\"><img loading=\"lazy\" decoding=\"async\" width=\"300\" height=\"300\" src=\"https:\/\/www.hotelcormoran.com\/wp-content\/uploads\/2019\/03\/gallery-bike2-300x300.jpg\" class=\"attachment-medium size-medium\" alt=\"\" srcset=\"https:\/\/www.hotelcormoran.com\/wp-content\/uploads\/2019\/03\/gallery-bike2-300x300.jpg 300w, https:\/\/www.hotelcormoran.com\/wp-content\/uploads\/2019\/03\/gallery-bike2-150x150.jpg 150w, https:\/\/www.hotelcormoran.com\/wp-content\/uploads\/2019\/03\/gallery-bike2-500x500.jpg 500w\" sizes=\"auto, (max-width: 300px) 100vw, 300px\" \/><\/a>\n\t\t\t<\/div><\/figure><figure class='gallery-item'>\n\t\t\t<div class='gallery-icon landscape'>\n\t\t\t\t<a href='https:\/\/www.hotelcormoran.com\/wp-content\/uploads\/2019\/03\/DSC8875.jpg' data-size=\"1277x746\" title=\"Immagine galleria\"><img loading=\"lazy\" decoding=\"async\" width=\"300\" height=\"300\" src=\"https:\/\/www.hotelcormoran.com\/wp-content\/uploads\/2019\/03\/DSC8875-300x300.jpg\" class=\"attachment-medium size-medium\" alt=\"\" srcset=\"https:\/\/www.hotelcormoran.com\/wp-content\/uploads\/2019\/03\/DSC8875-300x300.jpg 300w, https:\/\/www.hotelcormoran.com\/wp-content\/uploads\/2019\/03\/DSC8875-150x150.jpg 150w, https:\/\/www.hotelcormoran.com\/wp-content\/uploads\/2019\/03\/DSC8875-500x500.jpg 500w\" sizes=\"auto, (max-width: 300px) 100vw, 300px\" \/><\/a>\n\t\t\t<\/div><\/figure><figure class='gallery-item'>\n\t\t\t<div class='gallery-icon landscape'>\n\t\t\t\t<a href='https:\/\/www.hotelcormoran.com\/wp-content\/uploads\/2019\/03\/DSF4633.jpg' data-size=\"1229x729\" title=\"Immagine galleria\"><img loading=\"lazy\" decoding=\"async\" width=\"300\" height=\"300\" src=\"https:\/\/www.hotelcormoran.com\/wp-content\/uploads\/2019\/03\/DSF4633-300x300.jpg\" class=\"attachment-medium size-medium\" alt=\"\" srcset=\"https:\/\/www.hotelcormoran.com\/wp-content\/uploads\/2019\/03\/DSF4633-300x300.jpg 300w, https:\/\/www.hotelcormoran.com\/wp-content\/uploads\/2019\/03\/DSF4633-150x150.jpg 150w, https:\/\/www.hotelcormoran.com\/wp-content\/uploads\/2019\/03\/DSF4633-500x500.jpg 500w\" sizes=\"auto, (max-width: 300px) 100vw, 300px\" \/><\/a>\n\t\t\t<\/div><\/figure>\n\t\t<\/div>\n\n<h3>Dar\u00fcber hinaus ist es auf Anfrage m\u00f6glich zu finden:<\/h3>\n<ul>\n<li>Sportmassagen<\/li>\n<li>Besuch der lokalen Weing\u00fcter \u201eTenuta del Monsignore\u201c, \u201eTempio Antico\u201c \u201eOttaviani\u201c (nur 15 Minuten entfernt) f\u00fcr Wein, \u00d6l und typische Produkte Verkostung.<\/li>\n<li>Transfer-Service von Cattolica, Rimini oder Pesaro oder vom Flughafen Rimini.<\/li>\n<li>Fahrradverleih in spezialisierten Fahrradl\u00e4den.<\/li>\n<\/ul>\n","protected":false},"excerpt":{"rendered":"<p>Im Hotel Cormoran in Cattolica sind Sportler besondere G\u00e4ste. Wenn Sie Ihren Sporturlaub im Hotel Cormoran verbringen, werden Sie folgende Dienstleistungen finden: Fahrr\u00e4derraum und Werkstattbereich f\u00fcr kleine Reparaturen. Gef\u00fchrte Ausfahrten mit erfahrene Bike-Guides f\u00fcr Gruppen von mindestens 5 Personen. W\u00e4scheservice f\u00fcr technische Bekleidung. Swimmingpool (Mt. 25\u00d710) mit Gegenstromanlage, Sprungbrett, Whirlpool und Sonnenliegen. Badetuch f\u00fcr den Pool. Sondervereinbarungen mit Fachgesch\u00e4fte f\u00fcr Radfahrer Reichhaltiges Fr\u00fchst\u00fcck. Voll- oder Halbpension inklusive Getr\u00e4nke (Mineralwasser und &#8230;<\/p>\n","protected":false},"author":1,"featured_media":0,"parent":0,"menu_order":0,"comment_status":"closed","ping_status":"closed","template":"","meta":{"_acf_changed":false},"class_list":["post-2616","page","type-page","status-publish","hentry"],"acf":[],"_links":{"self":[{"href":"https:\/\/www.hotelcormoran.com\/de\/wp-json\/wp\/v2\/pages\/2616","targetHints":{"allow":["GET"]}}],"collection":[{"href":"https:\/\/www.hotelcormoran.com\/de\/wp-json\/wp\/v2\/pages"}],"about":[{"href":"https:\/\/www.hotelcormoran.com\/de\/wp-json\/wp\/v2\/types\/page"}],"author":[{"embeddable":true,"href":"https:\/\/www.hotelcormoran.com\/de\/wp-json\/wp\/v2\/users\/1"}],"replies":[{"embeddable":true,"href":"https:\/\/www.hotelcormoran.com\/de\/wp-json\/wp\/v2\/comments?post=2616"}],"version-history":[{"count":0,"href":"https:\/\/www.hotelcormoran.com\/de\/wp-json\/wp\/v2\/pages\/2616\/revisions"}],"wp:attachment":[{"href":"https:\/\/www.hotelcormoran.com\/de\/wp-json\/wp\/v2\/media?parent=2616"}],"curies":[{"name":"wp","href":"https:\/\/api.w.org\/{rel}","templated":true}]}}