{"id":2621,"date":"2019-03-25T11:06:07","date_gmt":"2019-03-25T10:06:07","guid":{"rendered":"https:\/\/www.hotelcormoran.com\/listino-prezzi\/"},"modified":"2024-11-20T11:27:57","modified_gmt":"2024-11-20T10:27:57","slug":"preisliste","status":"publish","type":"page","link":"https:\/\/www.hotelcormoran.com\/de\/preisliste\/","title":{"rendered":"Angebote und Kindererm\u00e4ssigungen"},"content":{"rendered":"<h2><span style=\"color: #000000;\"><strong>Aufenthaltsvorschl\u00e4ge u. Erm\u00e4ssigungen f\u00fcr Kinder\u00a0<\/strong><\/span><\/h2>\n<p><strong>W\u00e4hlen Sie aus den verschiedenen Behandlungen, die wir anbieten, diejenige aus, die Ihren Bed\u00fcrfnissen am besten entspricht:<\/strong> Voll- oder Halbpension; All-Inclusive-Paket (inklusive Getr\u00e4nke zu den Mahlzeiten und Strandservice) oder Sie k\u00f6nnen w\u00e4hlen, ob Sie nur den Strand oder nur Getr\u00e4nke in Ihrem Aufenthalt einschlie\u00dfen m\u00f6chten, oder warum nicht, entscheiden Sie sich nur f\u00fcr die Bed &amp; Breakfast-Behandlung (Sie k\u00f6nnen die zus\u00e4tzliche Mahlzeit jederzeit hinzuf\u00fcgen).<\/p>\n<p>Alle Zimmer mit Klimaanlage, eigenem Bad, Haartrockner, Telefon, Radio, SAT-TV, Minibar, Safe und Balkon mit seitlichem Meerblick.<\/p>\n<p>Kurtaxe im Preis nicht enthalten: \u20ac 2,50 pro Tag proi Person max. 7 Tage. Kinder bis 14 Jahren befreit.<\/p>\n<p><a href=\"https:\/\/www.hotelcormoran.com\/de\/fordern-sie-ein-angebot-an\/\"><strong>Warten Sie nicht, fordern Sie jetzt Ihr pers\u00f6nliches Angebot an und blockieren Sie den Preis!&gt;&gt;<\/strong><\/a><\/p>\n<h3><span style=\"color: #e3b001;\"><span style=\"color: #000000;\">Zuschl\u00e4ge: <\/span><\/span><span style=\"font-size: 12pt;\">Doppelzimmer zur Einzelnutzung: 50%<\/span><\/h3>\n<h3><span style=\"color: #000000;\">Kindererm\u00e4\u00dfigungen (im Zimmer mit 2 Erwachsenen):<\/span><\/h3>\n<ul>\n<li>bis zu 3 Jahren <strong>\u20ac 20,00\u00a0<\/strong><\/li>\n<li>von 3 bis 6 Jahren <strong>-50%<\/strong>;<\/li>\n<li>von 6 bis 12 Jahren<strong> -30%<\/strong>;<\/li>\n<li>drittes Bett (Erwachsene) <strong>\u2013 20%<\/strong>;<\/li>\n<\/ul>\n<p><span style=\"color: #000000;\">Die Zimmer stehen am Tag der Anreise ab 12.00 Uhr und am Tag der Abreise bis 10.00 Uhr zur Verf\u00fcgung. Mahlzeiten, die nicht im Hotel eingenommen werden, werden nicht von der Rechnung abgezogen, aber \u2013 falls gew\u00fcnscht \u2013 durch ein Lunchpaket ersetzt.<\/span><\/p>\n<ul>\n<li><strong>Am Meer.<\/strong> <strong>Ger\u00e4umige Zimmer mit Klimaanlage<\/strong> Telefon, Radio, Minibar, TV-Sat, Tresor und grossen Balkon grossteils mit Meerblick.<\/li>\n<li><strong>Drei Swimmingpools:<\/strong> ein mit Olympiabecken, Sprungbrett und Gegenschwimmanlage, ein geheizter Jacuzzi-Whirlpool und ein Planschbecken.<\/li>\n<li><strong>Sonnenschirmen und Liegen<\/strong> am Pool frei und <strong>Kinderspielecke<\/strong>.<\/li>\n<li>Gem\u00fctlicher Aufenthaltsraum mit <strong>TV-Sat und Billard<\/strong>.<\/li>\n<li><strong>Grosser Kongresssaal<\/strong>.<\/li>\n<li><strong>Wi-Fi<\/strong> im ganzen Hotel und am Strand.<\/li>\n<li><strong>Klimatisierter Speisesaal mit Panoramablick<\/strong> \u00fcber das Meer und Fr\u00fchst\u00fccksraum am Swimmingpool mit B\u00fcfett.<\/li>\n<li>Gepflegte K\u00fcche, <strong>grosse Men\u00fcauswahl<\/strong> mit Salatund Vorspeiseb\u00fcfett zu den Mahlzeiten. Fleisch- und Fischspezialit\u00e4ten. <strong>Kindermen\u00fcs<\/strong>.<\/li>\n<li><strong>Zwei Hotelbars<\/strong>.<\/li>\n<li><strong>Privatstrand<\/strong> mit grossem Abstand zwischen Sonnenschirmen, Wi-Fi frei, Whirlpoolbecken und Beach Volleyball Platz.<\/li>\n<li><strong>Tennisplatz,<\/strong> Tischtennis, <strong>Fitnessraum<\/strong>, und Fahrr\u00e4der.<\/li>\n<li><strong>UVA-Solarium<\/strong>.<\/li>\n<li><strong>Kinderspielraum<\/strong>.<\/li>\n<li>Zwei grosse freie und <strong>eingez\u00e4unte<\/strong> <strong>Privatparkpl\u00e4tze<\/strong> direkt am Hotel, und bewachter \u00fcberdachter Parkplatz 300mt vom Hotel entfernt.<\/li>\n<li><strong>Ge\u00f6ffnet von Ostern bis September<\/strong>.<\/li>\n<\/ul>\n<h3><span style=\"color: #000000;\">Kostenfrei Serviceleistungen:<\/span><\/h3>\n<p><strong>Whirlpool und Swimmingpools mit Liegebetten, Wi-Fi, Internet Point, Tischtennis, Fitnessraum, Tennisplatz, Parkplatz, und Fahrr\u00e4der.<\/strong><\/p>\n<p>&nbsp;<\/p>\n","protected":false},"excerpt":{"rendered":"<p>Aufenthaltsvorschl\u00e4ge u. Erm\u00e4ssigungen f\u00fcr Kinder\u00a0 W\u00e4hlen Sie aus den verschiedenen Behandlungen, die wir anbieten, diejenige aus, die Ihren Bed\u00fcrfnissen am besten entspricht: Voll- oder Halbpension; All-Inclusive-Paket (inklusive Getr\u00e4nke zu den Mahlzeiten und Strandservice) oder Sie k\u00f6nnen w\u00e4hlen, ob Sie nur den Strand oder nur Getr\u00e4nke in Ihrem Aufenthalt einschlie\u00dfen m\u00f6chten, oder warum nicht, entscheiden Sie sich nur f\u00fcr die Bed &amp; Breakfast-Behandlung (Sie k\u00f6nnen die zus\u00e4tzliche Mahlzeit jederzeit hinzuf\u00fcgen). Alle &#8230;<\/p>\n","protected":false},"author":1,"featured_media":0,"parent":0,"menu_order":0,"comment_status":"closed","ping_status":"closed","template":"","meta":{"_acf_changed":false},"class_list":["post-2621","page","type-page","status-publish","hentry"],"acf":[],"_links":{"self":[{"href":"https:\/\/www.hotelcormoran.com\/de\/wp-json\/wp\/v2\/pages\/2621","targetHints":{"allow":["GET"]}}],"collection":[{"href":"https:\/\/www.hotelcormoran.com\/de\/wp-json\/wp\/v2\/pages"}],"about":[{"href":"https:\/\/www.hotelcormoran.com\/de\/wp-json\/wp\/v2\/types\/page"}],"author":[{"embeddable":true,"href":"https:\/\/www.hotelcormoran.com\/de\/wp-json\/wp\/v2\/users\/1"}],"replies":[{"embeddable":true,"href":"https:\/\/www.hotelcormoran.com\/de\/wp-json\/wp\/v2\/comments?post=2621"}],"version-history":[{"count":0,"href":"https:\/\/www.hotelcormoran.com\/de\/wp-json\/wp\/v2\/pages\/2621\/revisions"}],"wp:attachment":[{"href":"https:\/\/www.hotelcormoran.com\/de\/wp-json\/wp\/v2\/media?parent=2621"}],"curies":[{"name":"wp","href":"https:\/\/api.w.org\/{rel}","templated":true}]}}