{"id":2623,"date":"2017-12-11T10:19:45","date_gmt":"2017-12-11T09:19:45","guid":{"rendered":"https:\/\/www.hotelcormoran.com\/ristorante\/"},"modified":"2019-06-19T09:56:18","modified_gmt":"2019-06-19T07:56:18","slug":"restaurant","status":"publish","type":"page","link":"https:\/\/www.hotelcormoran.com\/de\/restaurant\/","title":{"rendered":"Wohlgenuss, nicht nur auf dem Teller"},"content":{"rendered":"<h3>Traditionelle K\u00fcche<\/h3>\n<p>Nach Meinung vieler G\u00e4ste sind das die ganz besonderen Momente des Urlaubs. Jeden Tag, wenn Sie im gro\u00dfz\u00fcgigen \u00a0<strong>Panorama-Restaurant<\/strong>, im Zwischengeschoss des Hotel Cormoran, direkt gegen\u00fcber dem Strand Platz nehmen, beginnt Ihre kulinarische Reise.<br \/>\n<strong>Der K\u00fcchenchef bereitet f\u00fcr Sie drei verschiedene Men\u00fcs zu<\/strong>, die Ihrem Gaumen mit typischen, hochwertigen Angeboten aus der Region schmeicheln. Drei Vorspeisen und drei Hauptgerichte mit Fleisch und Fisch, die das Beste an lokalen Spezialit\u00e4ten auf den Tisch bringen.<\/p>\n<p>Hausgemachte Pasta,\u00a0<strong>leckerer Fisch, \u00a0Piadina romagnola<\/strong>.<\/p>\n<h3>Von welcher K\u00f6stlichkeit lassen Sie sich heute verf\u00fchren?<\/h3>\n<p>Au\u00dferdem gibt es immer ein reichhaltiges Beilagen- und Gem\u00fcsebuffet, mit leckeren Salaten und den allerbesten, frischen Zutaten.<\/p>\n<p><strong>Die gepflegte K\u00fcche<\/strong>\u00a0im Hotel Cormoran\u00a0 ist ein Hochgenuss f\u00fcr alle Sinne. \u00a0<strong>Die kulinarischen Kreationen erfreuen auch das Auge<\/strong>. Aber probieren Sie selbst!<\/p>\n<div id='gallery-1' class='gallery galleryid-2623 gallery-columns-4 gallery-size-medium'><figure class='gallery-item'>\n\t\t\t<div class='gallery-icon landscape'>\n\t\t\t\t<a href='https:\/\/www.hotelcormoran.com\/wp-content\/uploads\/2019\/03\/DSC8933-1.jpg' data-size=\"1440x895\" title=\"Immagine galleria\"><img loading=\"lazy\" decoding=\"async\" width=\"300\" height=\"300\" src=\"https:\/\/www.hotelcormoran.com\/wp-content\/uploads\/2019\/03\/DSC8933-1-300x300.jpg\" class=\"attachment-medium size-medium\" alt=\"\" srcset=\"https:\/\/www.hotelcormoran.com\/wp-content\/uploads\/2019\/03\/DSC8933-1-300x300.jpg 300w, https:\/\/www.hotelcormoran.com\/wp-content\/uploads\/2019\/03\/DSC8933-1-150x150.jpg 150w, https:\/\/www.hotelcormoran.com\/wp-content\/uploads\/2019\/03\/DSC8933-1-500x500.jpg 500w\" sizes=\"auto, (max-width: 300px) 100vw, 300px\" \/><\/a>\n\t\t\t<\/div><\/figure><figure class='gallery-item'>\n\t\t\t<div class='gallery-icon landscape'>\n\t\t\t\t<a href='https:\/\/www.hotelcormoran.com\/wp-content\/uploads\/2019\/03\/DSC8947.jpg' data-size=\"1440x890\" title=\"Immagine galleria\"><img loading=\"lazy\" decoding=\"async\" width=\"300\" height=\"300\" src=\"https:\/\/www.hotelcormoran.com\/wp-content\/uploads\/2019\/03\/DSC8947-300x300.jpg\" class=\"attachment-medium size-medium\" alt=\"\" srcset=\"https:\/\/www.hotelcormoran.com\/wp-content\/uploads\/2019\/03\/DSC8947-300x300.jpg 300w, https:\/\/www.hotelcormoran.com\/wp-content\/uploads\/2019\/03\/DSC8947-150x150.jpg 150w, https:\/\/www.hotelcormoran.com\/wp-content\/uploads\/2019\/03\/DSC8947-500x500.jpg 500w\" sizes=\"auto, (max-width: 300px) 100vw, 300px\" \/><\/a>\n\t\t\t<\/div><\/figure><figure class='gallery-item'>\n\t\t\t<div class='gallery-icon landscape'>\n\t\t\t\t<a href='https:\/\/www.hotelcormoran.com\/wp-content\/uploads\/2019\/03\/DSC9196.jpg' data-size=\"1440x890\" title=\"Immagine galleria\"><img loading=\"lazy\" decoding=\"async\" width=\"300\" height=\"300\" src=\"https:\/\/www.hotelcormoran.com\/wp-content\/uploads\/2019\/03\/DSC9196-300x300.jpg\" class=\"attachment-medium size-medium\" alt=\"\" srcset=\"https:\/\/www.hotelcormoran.com\/wp-content\/uploads\/2019\/03\/DSC9196-300x300.jpg 300w, https:\/\/www.hotelcormoran.com\/wp-content\/uploads\/2019\/03\/DSC9196-150x150.jpg 150w, https:\/\/www.hotelcormoran.com\/wp-content\/uploads\/2019\/03\/DSC9196-500x500.jpg 500w\" sizes=\"auto, (max-width: 300px) 100vw, 300px\" \/><\/a>\n\t\t\t<\/div><\/figure><figure class='gallery-item'>\n\t\t\t<div class='gallery-icon landscape'>\n\t\t\t\t<a href='https:\/\/www.hotelcormoran.com\/wp-content\/uploads\/2019\/03\/20180627_192743.jpg' data-size=\"2000x1500\" title=\"Immagine galleria\"><img loading=\"lazy\" decoding=\"async\" width=\"300\" height=\"300\" src=\"https:\/\/www.hotelcormoran.com\/wp-content\/uploads\/2019\/03\/20180627_192743-300x300.jpg\" class=\"attachment-medium size-medium\" alt=\"\" srcset=\"https:\/\/www.hotelcormoran.com\/wp-content\/uploads\/2019\/03\/20180627_192743-300x300.jpg 300w, https:\/\/www.hotelcormoran.com\/wp-content\/uploads\/2019\/03\/20180627_192743-150x150.jpg 150w, https:\/\/www.hotelcormoran.com\/wp-content\/uploads\/2019\/03\/20180627_192743-1024x1024.jpg 1024w, https:\/\/www.hotelcormoran.com\/wp-content\/uploads\/2019\/03\/20180627_192743-500x500.jpg 500w\" sizes=\"auto, (max-width: 300px) 100vw, 300px\" \/><\/a>\n\t\t\t<\/div><\/figure>\n\t\t<\/div>\n\n<h3><strong>Haben Sie einen Ausflug oder einen Tag am Meer geplant?<\/strong><\/h3>\n<p>Geben Sie einfach dem Personal im Restaurant Bescheid, und Sie erhalten ein leckeres Lunchpaket.<\/p>\n<h3>Ihr Fr\u00fchst\u00fcck mit Blick auf den Pool<\/h3>\n<p>Der Fr\u00fchst\u00fccksraum bietet einen anderen Ausblick, nicht auf das Meer, sondern auf den eleganten Poolbereich des Hotel Cormoran.<br \/>\nNur eine Glasscheibe trennt Sie vom blauen Wasser, den Liegest\u00fchlen und den Sonnenschirmen.<br \/>\nIhr Tag beginnt mit den Farben der Ruhe und mit einem gro\u00dfz\u00fcgigen s\u00fc\u00dfen und pikanten Buffet, ideal f\u00fcr den Energieschub, den Sie im Urlaub am Morgen brauchen.<br \/>\nKekse, k\u00f6stliche Torten und Kuchen, frisches Brot, Joghurt, M\u00fcsli und Marmelade; frisches Obst und andere Leckereien verw\u00f6hnen die G\u00e4ste, die die italienische K\u00fcche lieben. F\u00fcr diejenigen, die es pikant m\u00f6gen, gibt es Wurst, Aufschnitt und K\u00e4se f\u00fcr einen herzhaften Toast.<\/p>\n<p><strong>Traditionsgem\u00e4\u00df servieren wir dazu Fruchts\u00e4fte, Tee, Cappuccino oder einen guten Espresso.<\/strong><\/p>\n","protected":false},"excerpt":{"rendered":"<p>Traditionelle K\u00fcche Nach Meinung vieler G\u00e4ste sind das die ganz besonderen Momente des Urlaubs. Jeden Tag, wenn Sie im gro\u00dfz\u00fcgigen \u00a0Panorama-Restaurant, im Zwischengeschoss des Hotel Cormoran, direkt gegen\u00fcber dem Strand Platz nehmen, beginnt Ihre kulinarische Reise. Der K\u00fcchenchef bereitet f\u00fcr Sie drei verschiedene Men\u00fcs zu, die Ihrem Gaumen mit typischen, hochwertigen Angeboten aus der Region schmeicheln. Drei Vorspeisen und drei Hauptgerichte mit Fleisch und Fisch, die das Beste an lokalen &#8230;<\/p>\n","protected":false},"author":1,"featured_media":0,"parent":0,"menu_order":0,"comment_status":"closed","ping_status":"closed","template":"","meta":{"_acf_changed":false},"class_list":["post-2623","page","type-page","status-publish","hentry"],"acf":[],"_links":{"self":[{"href":"https:\/\/www.hotelcormoran.com\/de\/wp-json\/wp\/v2\/pages\/2623","targetHints":{"allow":["GET"]}}],"collection":[{"href":"https:\/\/www.hotelcormoran.com\/de\/wp-json\/wp\/v2\/pages"}],"about":[{"href":"https:\/\/www.hotelcormoran.com\/de\/wp-json\/wp\/v2\/types\/page"}],"author":[{"embeddable":true,"href":"https:\/\/www.hotelcormoran.com\/de\/wp-json\/wp\/v2\/users\/1"}],"replies":[{"embeddable":true,"href":"https:\/\/www.hotelcormoran.com\/de\/wp-json\/wp\/v2\/comments?post=2623"}],"version-history":[{"count":0,"href":"https:\/\/www.hotelcormoran.com\/de\/wp-json\/wp\/v2\/pages\/2623\/revisions"}],"wp:attachment":[{"href":"https:\/\/www.hotelcormoran.com\/de\/wp-json\/wp\/v2\/media?parent=2623"}],"curies":[{"name":"wp","href":"https:\/\/api.w.org\/{rel}","templated":true}]}}