{"id":2627,"date":"2019-02-27T10:00:27","date_gmt":"2019-02-27T09:00:27","guid":{"rendered":"https:\/\/www.hotelcormoran.com\/piscina\/"},"modified":"2025-01-14T09:52:54","modified_gmt":"2025-01-14T08:52:54","slug":"swimmingpool","status":"publish","type":"page","link":"https:\/\/www.hotelcormoran.com\/de\/swimmingpool\/","title":{"rendered":"Lassen Sie sich im tiefblauen Wasser treiben"},"content":{"rendered":"<h2>Es gibt drei Schwimmbecken: olympisches Becken, Whirlpool und Kinderbecken<\/h2>\n<p>Im Hotel Cormoran in Cattolica ist das Meer nur wenige Schritte entfernt, aber auch der Pool l\u00e4dt zum Schwimmen ein.<br \/>\nJedes Mal, wenn Sie Lust auf ein Sonnenbad haben oder eine Runde schwimmen m\u00f6chten, m\u00fcssen Sie nicht einmal die Hotelanlage verlassen. Im Au\u00dfenbereich warten ein\u00a0<strong>Solarium und ein gro\u00dfer Pool<\/strong>.<br \/>\n<strong>Legen Sie sich in die Sonne<\/strong>:\u00a0Auf den Liegest\u00fchlen k\u00f6nnen Sie sich dem s\u00fc\u00dfen Nichtstun hingeben.<\/p>\n<p>W\u00e4hrend der Sommerhitze sind regenerierende B\u00e4der ein wahrer Segen. Ein herrliches Gef\u00fchl, wenn sich beim Schwimmen die verspannten Muskeln lockern. Die wohltuende Wirkung wird von der\u00a0<strong>Gegenstromanlage<\/strong>\u00a0noch gesteigert: Das Wasser sorgt f\u00fcr einen sanften Auftrieb, w\u00e4hrend Sie wie ein Delphin dahingleiten.<br \/>\nDeshalb l\u00e4dt das Hotel Cormoran seine G\u00e4ste gerne in das\u00a0\u00a0<strong>olympische Becken<\/strong>\u00a0ein, das auch mit\u00a0<strong>Rutsche und Sprungbrett<\/strong>\u00a0ausgestattet ist, damit der Spa\u00df nicht zu kurz kommt.<\/p>\n<div id='gallery-1' class='gallery galleryid-2627 gallery-columns-4 gallery-size-medium'><figure class='gallery-item'>\n\t\t\t<div class='gallery-icon landscape'>\n\t\t\t\t<a href='https:\/\/www.hotelcormoran.com\/wp-content\/uploads\/2019\/03\/DSF4637.jpg' data-size=\"1440x877\" title=\"Immagine galleria\"><img loading=\"lazy\" decoding=\"async\" width=\"300\" height=\"300\" src=\"https:\/\/www.hotelcormoran.com\/wp-content\/uploads\/2019\/03\/DSF4637-300x300.jpg\" class=\"attachment-medium size-medium\" alt=\"\" srcset=\"https:\/\/www.hotelcormoran.com\/wp-content\/uploads\/2019\/03\/DSF4637-300x300.jpg 300w, https:\/\/www.hotelcormoran.com\/wp-content\/uploads\/2019\/03\/DSF4637-150x150.jpg 150w, https:\/\/www.hotelcormoran.com\/wp-content\/uploads\/2019\/03\/DSF4637-500x500.jpg 500w\" sizes=\"auto, (max-width: 300px) 100vw, 300px\" \/><\/a>\n\t\t\t<\/div><\/figure><figure class='gallery-item'>\n\t\t\t<div class='gallery-icon portrait'>\n\t\t\t\t<a href='https:\/\/www.hotelcormoran.com\/wp-content\/uploads\/2019\/03\/DSC9224.jpg' data-size=\"1043x1440\" title=\"Immagine galleria\"><img loading=\"lazy\" decoding=\"async\" width=\"300\" height=\"300\" src=\"https:\/\/www.hotelcormoran.com\/wp-content\/uploads\/2019\/03\/DSC9224-300x300.jpg\" class=\"attachment-medium size-medium\" alt=\"\" srcset=\"https:\/\/www.hotelcormoran.com\/wp-content\/uploads\/2019\/03\/DSC9224-300x300.jpg 300w, https:\/\/www.hotelcormoran.com\/wp-content\/uploads\/2019\/03\/DSC9224-150x150.jpg 150w, https:\/\/www.hotelcormoran.com\/wp-content\/uploads\/2019\/03\/DSC9224-1024x1024.jpg 1024w, https:\/\/www.hotelcormoran.com\/wp-content\/uploads\/2019\/03\/DSC9224-500x500.jpg 500w\" sizes=\"auto, (max-width: 300px) 100vw, 300px\" \/><\/a>\n\t\t\t<\/div><\/figure><figure class='gallery-item'>\n\t\t\t<div class='gallery-icon portrait'>\n\t\t\t\t<a href='https:\/\/www.hotelcormoran.com\/wp-content\/uploads\/2019\/03\/DSC9207.jpg' data-size=\"1399x1440\" title=\"Immagine galleria\"><img loading=\"lazy\" decoding=\"async\" width=\"300\" height=\"300\" src=\"https:\/\/www.hotelcormoran.com\/wp-content\/uploads\/2019\/03\/DSC9207-300x300.jpg\" class=\"attachment-medium size-medium\" alt=\"\" srcset=\"https:\/\/www.hotelcormoran.com\/wp-content\/uploads\/2019\/03\/DSC9207-300x300.jpg 300w, https:\/\/www.hotelcormoran.com\/wp-content\/uploads\/2019\/03\/DSC9207-150x150.jpg 150w, https:\/\/www.hotelcormoran.com\/wp-content\/uploads\/2019\/03\/DSC9207-1024x1024.jpg 1024w, https:\/\/www.hotelcormoran.com\/wp-content\/uploads\/2019\/03\/DSC9207-500x500.jpg 500w\" sizes=\"auto, (max-width: 300px) 100vw, 300px\" \/><\/a>\n\t\t\t<\/div><\/figure><figure class='gallery-item'>\n\t\t\t<div class='gallery-icon landscape'>\n\t\t\t\t<a href='https:\/\/www.hotelcormoran.com\/wp-content\/uploads\/2019\/03\/20150621_122658.jpg' data-size=\"2000x1125\" title=\"Immagine galleria\"><img loading=\"lazy\" decoding=\"async\" width=\"300\" height=\"300\" src=\"https:\/\/www.hotelcormoran.com\/wp-content\/uploads\/2019\/03\/20150621_122658-300x300.jpg\" class=\"attachment-medium size-medium\" alt=\"\" srcset=\"https:\/\/www.hotelcormoran.com\/wp-content\/uploads\/2019\/03\/20150621_122658-300x300.jpg 300w, https:\/\/www.hotelcormoran.com\/wp-content\/uploads\/2019\/03\/20150621_122658-150x150.jpg 150w, https:\/\/www.hotelcormoran.com\/wp-content\/uploads\/2019\/03\/20150621_122658-1024x1024.jpg 1024w, https:\/\/www.hotelcormoran.com\/wp-content\/uploads\/2019\/03\/20150621_122658-500x500.jpg 500w\" sizes=\"auto, (max-width: 300px) 100vw, 300px\" \/><\/a>\n\t\t\t<\/div><\/figure>\n\t\t<\/div>\n\n<p>Wenn Sie lieber relaxen, gibt es auch einen\u00a0<strong>beheizten Whirlpool<\/strong>. Es ist wirklich wunderbar, in das warme, \u00a0<strong>von der Sonne gek\u00fcsste<\/strong>\u00a0Wasser abzutauchen!<br \/>\nDie Luftd\u00fcsen massieren Ihre Haut und beleben Ihren K\u00f6rper wie in den besten Spas.<\/p>\n<p><strong>Und die Kinder? F\u00fcr sie gibt es ein eigenes, seichtes Becken.<\/strong><br \/>\nEin Paradies zum Spielen, Planschen und Spritzen, stets unter Aufsicht des Bademeisters.<\/p>\n","protected":false},"excerpt":{"rendered":"<p>Es gibt drei Schwimmbecken: olympisches Becken, Whirlpool und Kinderbecken Im Hotel Cormoran in Cattolica ist das Meer nur wenige Schritte entfernt, aber auch der Pool l\u00e4dt zum Schwimmen ein. Jedes Mal, wenn Sie Lust auf ein Sonnenbad haben oder eine Runde schwimmen m\u00f6chten, m\u00fcssen Sie nicht einmal die Hotelanlage verlassen. Im Au\u00dfenbereich warten ein\u00a0Solarium und ein gro\u00dfer Pool. Legen Sie sich in die Sonne:\u00a0Auf den Liegest\u00fchlen k\u00f6nnen Sie sich dem &#8230;<\/p>\n","protected":false},"author":1,"featured_media":0,"parent":0,"menu_order":0,"comment_status":"closed","ping_status":"closed","template":"","meta":{"_acf_changed":false},"class_list":["post-2627","page","type-page","status-publish","hentry"],"acf":[],"_links":{"self":[{"href":"https:\/\/www.hotelcormoran.com\/de\/wp-json\/wp\/v2\/pages\/2627","targetHints":{"allow":["GET"]}}],"collection":[{"href":"https:\/\/www.hotelcormoran.com\/de\/wp-json\/wp\/v2\/pages"}],"about":[{"href":"https:\/\/www.hotelcormoran.com\/de\/wp-json\/wp\/v2\/types\/page"}],"author":[{"embeddable":true,"href":"https:\/\/www.hotelcormoran.com\/de\/wp-json\/wp\/v2\/users\/1"}],"replies":[{"embeddable":true,"href":"https:\/\/www.hotelcormoran.com\/de\/wp-json\/wp\/v2\/comments?post=2627"}],"version-history":[{"count":0,"href":"https:\/\/www.hotelcormoran.com\/de\/wp-json\/wp\/v2\/pages\/2627\/revisions"}],"wp:attachment":[{"href":"https:\/\/www.hotelcormoran.com\/de\/wp-json\/wp\/v2\/media?parent=2627"}],"curies":[{"name":"wp","href":"https:\/\/api.w.org\/{rel}","templated":true}]}}