{"id":2649,"date":"2018-08-30T10:09:57","date_gmt":"2018-08-30T08:09:57","guid":{"rendered":"https:\/\/www.hotelcormoran.com\/pagina-di-esempio\/"},"modified":"2019-03-29T16:22:54","modified_gmt":"2019-03-29T15:22:54","slug":"pagina-di-esempio","status":"publish","type":"page","link":"https:\/\/www.hotelcormoran.com\/fr\/","title":{"rendered":"La certitude avant tout sur le bord de mer de Cattolica"},"content":{"rendered":"<h2>Votre h\u00f4tel \u00e0 deux pas de la plage priv\u00e9e, avec piscine pour les grands et les petits et d\u2019autres services exclusifs<\/h2>\n<p>L\u2019H\u00f4tel Cormoran\u00a0<strong>4 \u00e9toiles sur le bord de mer de Cattolica<\/strong>, se trouve dans la zone \u00e0 l\u2019ouest de la ville et vous offre une vue splendide sur l\u2019arc de c\u00f4te qui forme la derni\u00e8re partie de la Riviera Romagnole. La\u00a0<strong>famille Silvagni<\/strong>\u00a0est heureuse de vous accueillir pour des vacances durant lesquelles vous ferez l\u2019objet de toutes les attentions. A la r\u00e9ception, minimaliste, tr\u00e8s color\u00e9e et au charme vintage, vous serez toujours accueillis avec le sourire, et vos demandes aussi.<\/p>\n<p>L\u2019H\u00f4tel se distingue par son\u00a0<strong>grand espace ext\u00e9rieur, avec solarium et piscine<\/strong>\u00a0: olympique, avec plongeoir et syst\u00e8me de natation \u00e0 contre-courant, un jacuzzi chauff\u00e9 et un bassin pour les tout-petits. Vous trouverez m\u00eame\u00a0<strong>une aire de jeux pour les enfants<\/strong>\u00a0avec une grande table de ping-pong.<\/p>\n<div id='gallery-1' class='gallery galleryid-2649 gallery-columns-4 gallery-size-medium'><figure class='gallery-item'>\n\t\t\t<div class='gallery-icon landscape'>\n\t\t\t\t<a href='https:\/\/www.hotelcormoran.com\/wp-content\/uploads\/2019\/03\/20170429_131321.jpg' data-size=\"4032x3024\" title=\"Immagine galleria\"><img loading=\"lazy\" decoding=\"async\" width=\"300\" height=\"300\" src=\"https:\/\/www.hotelcormoran.com\/wp-content\/uploads\/2019\/03\/20170429_131321-300x300.jpg\" class=\"attachment-medium size-medium\" alt=\"\" srcset=\"https:\/\/www.hotelcormoran.com\/wp-content\/uploads\/2019\/03\/20170429_131321-300x300.jpg 300w, https:\/\/www.hotelcormoran.com\/wp-content\/uploads\/2019\/03\/20170429_131321-150x150.jpg 150w, https:\/\/www.hotelcormoran.com\/wp-content\/uploads\/2019\/03\/20170429_131321-1024x1024.jpg 1024w, https:\/\/www.hotelcormoran.com\/wp-content\/uploads\/2019\/03\/20170429_131321-500x500.jpg 500w\" sizes=\"auto, (max-width: 300px) 100vw, 300px\" \/><\/a>\n\t\t\t<\/div><\/figure><figure class='gallery-item'>\n\t\t\t<div class='gallery-icon landscape'>\n\t\t\t\t<a href='https:\/\/www.hotelcormoran.com\/wp-content\/uploads\/2019\/03\/20150511_163628-e1642580704875.jpg' data-size=\"2000x1019\" title=\"Immagine galleria\"><img loading=\"lazy\" decoding=\"async\" width=\"300\" height=\"300\" src=\"https:\/\/www.hotelcormoran.com\/wp-content\/uploads\/2019\/03\/20150511_163628-300x300.jpg\" class=\"attachment-medium size-medium\" alt=\"\" srcset=\"https:\/\/www.hotelcormoran.com\/wp-content\/uploads\/2019\/03\/20150511_163628-300x300.jpg 300w, https:\/\/www.hotelcormoran.com\/wp-content\/uploads\/2019\/03\/20150511_163628-150x150.jpg 150w, https:\/\/www.hotelcormoran.com\/wp-content\/uploads\/2019\/03\/20150511_163628-1024x1019.jpg 1024w, https:\/\/www.hotelcormoran.com\/wp-content\/uploads\/2019\/03\/20150511_163628-500x500.jpg 500w\" sizes=\"auto, (max-width: 300px) 100vw, 300px\" \/><\/a>\n\t\t\t<\/div><\/figure><figure class='gallery-item'>\n\t\t\t<div class='gallery-icon landscape'>\n\t\t\t\t<a href='https:\/\/www.hotelcormoran.com\/wp-content\/uploads\/2019\/03\/20170520_123853.jpg' data-size=\"1000x728\" title=\"Immagine galleria\"><img loading=\"lazy\" decoding=\"async\" width=\"300\" height=\"300\" src=\"https:\/\/www.hotelcormoran.com\/wp-content\/uploads\/2019\/03\/20170520_123853-300x300.jpg\" class=\"attachment-medium size-medium\" alt=\"\" srcset=\"https:\/\/www.hotelcormoran.com\/wp-content\/uploads\/2019\/03\/20170520_123853-300x300.jpg 300w, https:\/\/www.hotelcormoran.com\/wp-content\/uploads\/2019\/03\/20170520_123853-150x150.jpg 150w, https:\/\/www.hotelcormoran.com\/wp-content\/uploads\/2019\/03\/20170520_123853-500x500.jpg 500w\" sizes=\"auto, (max-width: 300px) 100vw, 300px\" \/><\/a>\n\t\t\t<\/div><\/figure><figure class='gallery-item'>\n\t\t\t<div class='gallery-icon landscape'>\n\t\t\t\t<a href='https:\/\/www.hotelcormoran.com\/wp-content\/uploads\/2019\/03\/IMG_3555.jpg' data-size=\"1000x628\" title=\"Immagine galleria\"><img loading=\"lazy\" decoding=\"async\" width=\"300\" height=\"300\" src=\"https:\/\/www.hotelcormoran.com\/wp-content\/uploads\/2019\/03\/IMG_3555-300x300.jpg\" class=\"attachment-medium size-medium\" alt=\"biliardo\" srcset=\"https:\/\/www.hotelcormoran.com\/wp-content\/uploads\/2019\/03\/IMG_3555-300x300.jpg 300w, https:\/\/www.hotelcormoran.com\/wp-content\/uploads\/2019\/03\/IMG_3555-150x150.jpg 150w, https:\/\/www.hotelcormoran.com\/wp-content\/uploads\/2019\/03\/IMG_3555-500x500.jpg 500w\" sizes=\"auto, (max-width: 300px) 100vw, 300px\" \/><\/a>\n\t\t\t<\/div><\/figure>\n\t\t<\/div>\n\n<p>Et m\u00eame\u00a0<strong>votre voiture<\/strong>\u00a0a sa place : l\u2019H\u00f4tel dispose de deux grands parkings priv\u00e9s adjacents, cl\u00f4tur\u00e9s et gratuits.\u00a0 Il suffit de traverser la route pour se rendre \u00e0 la grande \u00a0<strong>plage priv\u00e9e<\/strong>\u00a0de l\u2019H\u00f4tel, o\u00f9 vous attendent de nombreux services\u00a0: les rang\u00e9es de parasols sont bien espac\u00e9es pour garantir la plus grande tranquillit\u00e9.<\/p>\n<p>La\u00a0<strong>position est privil\u00e9gi\u00e9e pour visiter Cattolica<\/strong>\u00a0et profiter de vacances id\u00e9ales entre divertissement et d\u00e9tente, sans aucun souci.<\/p>\n<p>Et pour une journ\u00e9e originale, l\u2019H\u00f4tel Cormoran est juste \u00e0 c\u00f4t\u00e9 de l\u2019Aquarium de Cattolica.<\/p>\n","protected":false},"excerpt":{"rendered":"<p>Votre h\u00f4tel \u00e0 deux pas de la plage priv\u00e9e, avec piscine pour les grands et les petits et d\u2019autres services exclusifs L\u2019H\u00f4tel Cormoran\u00a04 \u00e9toiles sur le bord de mer de Cattolica, se trouve dans la zone \u00e0 l\u2019ouest de la ville et vous offre une vue splendide sur l\u2019arc de c\u00f4te qui forme la derni\u00e8re partie de la Riviera Romagnole. La\u00a0famille Silvagni\u00a0est heureuse de vous accueillir pour des vacances durant &#8230;<\/p>\n","protected":false},"author":1,"featured_media":0,"parent":0,"menu_order":0,"comment_status":"closed","ping_status":"closed","template":"","meta":{"_acf_changed":false},"class_list":["post-2649","page","type-page","status-publish","hentry"],"acf":[],"_links":{"self":[{"href":"https:\/\/www.hotelcormoran.com\/fr\/wp-json\/wp\/v2\/pages\/2649","targetHints":{"allow":["GET"]}}],"collection":[{"href":"https:\/\/www.hotelcormoran.com\/fr\/wp-json\/wp\/v2\/pages"}],"about":[{"href":"https:\/\/www.hotelcormoran.com\/fr\/wp-json\/wp\/v2\/types\/page"}],"author":[{"embeddable":true,"href":"https:\/\/www.hotelcormoran.com\/fr\/wp-json\/wp\/v2\/users\/1"}],"replies":[{"embeddable":true,"href":"https:\/\/www.hotelcormoran.com\/fr\/wp-json\/wp\/v2\/comments?post=2649"}],"version-history":[{"count":0,"href":"https:\/\/www.hotelcormoran.com\/fr\/wp-json\/wp\/v2\/pages\/2649\/revisions"}],"wp:attachment":[{"href":"https:\/\/www.hotelcormoran.com\/fr\/wp-json\/wp\/v2\/media?parent=2649"}],"curies":[{"name":"wp","href":"https:\/\/api.w.org\/{rel}","templated":true}]}}