{"id":2667,"date":"2019-03-25T12:01:30","date_gmt":"2019-03-25T11:01:30","guid":{"rendered":"https:\/\/www.hotelcormoran.com\/la-spiaggia\/"},"modified":"2020-06-10T12:44:42","modified_gmt":"2020-06-10T10:44:42","slug":"plage","status":"publish","type":"page","link":"https:\/\/www.hotelcormoran.com\/fr\/plage\/","title":{"rendered":"A une minute d\u2019une plage de r\u00eave"},"content":{"rendered":"<h2>Juste 100 m\u00e8tres \u00e0 faire pour poser les pieds sur le sable.<br \/>\nEt pour vous, le silence et l\u2019intimit\u00e9 de la plage priv\u00e9e.<\/h2>\n<p>A Cattolica, comme sur toute la Riviera, la plage est le lieu de vie d\u2019\u00e9t\u00e9 des touristes et habitants de la ville.\u00a0<strong>Et c\u2019est par l\u00e0 que passent toutes les activit\u00e9s, du bain de soleil<\/strong>\u00a0au fitness, du bien-\u00eatre au sport. Un agr\u00e9able point de rencontre, o\u00f9 naissent de nouvelles amiti\u00e9s, pour prendre l\u2019ap\u00e9ritif et profiter d\u2019un \u00e9mouvant coucher de soleil. C\u2019est pour cela que l\u2019H\u00f4tel Cormoran r\u00e9serve depuis des ann\u00e9es une plage priv\u00e9e \u00e0 ses clients.<\/p>\n<p>Pour rejoindre votre emplacement entre bain de soleil et parasol, rien de plus simple : il suffit de prendre la courte route qui s\u00e9pare la plage de l\u2019h\u00f4tel. Vous y trouverez\u00a0<strong>de pratiques cabines et vestiaires<\/strong>,\u00a0et les tarifs sont vraiment avantageux pour tous les clients. Rien \u00e0 voir avec les autres plages bond\u00e9es de monde\u00a0! la plage du Cormoran laisse de l\u2019espace entre les rang\u00e9es de parasols, pour vous garantir toute l\u2019intimit\u00e9 et le silence que vous m\u00e9ritez.<\/p>\n<div id='gallery-1' class='gallery galleryid-2667 gallery-columns-4 gallery-size-medium'><figure class='gallery-item'>\n\t\t\t<div class='gallery-icon landscape'>\n\t\t\t\t<a href='https:\/\/www.hotelcormoran.com\/wp-content\/uploads\/2019\/03\/DSC9289.jpg' data-size=\"1440x968\" title=\"Immagine galleria\"><img loading=\"lazy\" decoding=\"async\" width=\"300\" height=\"300\" src=\"https:\/\/www.hotelcormoran.com\/wp-content\/uploads\/2019\/03\/DSC9289-300x300.jpg\" class=\"attachment-medium size-medium\" alt=\"\" srcset=\"https:\/\/www.hotelcormoran.com\/wp-content\/uploads\/2019\/03\/DSC9289-300x300.jpg 300w, https:\/\/www.hotelcormoran.com\/wp-content\/uploads\/2019\/03\/DSC9289-150x150.jpg 150w, https:\/\/www.hotelcormoran.com\/wp-content\/uploads\/2019\/03\/DSC9289-500x500.jpg 500w\" sizes=\"auto, (max-width: 300px) 100vw, 300px\" \/><\/a>\n\t\t\t<\/div><\/figure><figure class='gallery-item'>\n\t\t\t<div class='gallery-icon landscape'>\n\t\t\t\t<a href='https:\/\/www.hotelcormoran.com\/wp-content\/uploads\/2019\/03\/DSF4629.jpg' data-size=\"1440x964\" title=\"Immagine galleria\"><img loading=\"lazy\" decoding=\"async\" width=\"300\" height=\"300\" src=\"https:\/\/www.hotelcormoran.com\/wp-content\/uploads\/2019\/03\/DSF4629-300x300.jpg\" class=\"attachment-medium size-medium\" alt=\"\" srcset=\"https:\/\/www.hotelcormoran.com\/wp-content\/uploads\/2019\/03\/DSF4629-300x300.jpg 300w, https:\/\/www.hotelcormoran.com\/wp-content\/uploads\/2019\/03\/DSF4629-150x150.jpg 150w, https:\/\/www.hotelcormoran.com\/wp-content\/uploads\/2019\/03\/DSF4629-500x500.jpg 500w\" sizes=\"auto, (max-width: 300px) 100vw, 300px\" \/><\/a>\n\t\t\t<\/div><\/figure><figure class='gallery-item'>\n\t\t\t<div class='gallery-icon landscape'>\n\t\t\t\t<a href='https:\/\/www.hotelcormoran.com\/wp-content\/uploads\/2020\/06\/11660_10207260702386740_3528082596264691143_n.jpg' data-size=\"526x394\" title=\"Immagine galleria\"><img loading=\"lazy\" decoding=\"async\" width=\"300\" height=\"300\" src=\"https:\/\/www.hotelcormoran.com\/wp-content\/uploads\/2020\/06\/11660_10207260702386740_3528082596264691143_n-300x300.jpg\" class=\"attachment-medium size-medium\" alt=\"Bagni Margherita\" aria-describedby=\"gallery-1-3186\" srcset=\"https:\/\/www.hotelcormoran.com\/wp-content\/uploads\/2020\/06\/11660_10207260702386740_3528082596264691143_n-300x300.jpg 300w, https:\/\/www.hotelcormoran.com\/wp-content\/uploads\/2020\/06\/11660_10207260702386740_3528082596264691143_n-150x150.jpg 150w\" sizes=\"auto, (max-width: 300px) 100vw, 300px\" \/><\/a>\n\t\t\t<\/div>\n\t\t\t\t<figcaption class='wp-caption-text gallery-caption' id='gallery-1-3186'>\n\t\t\t\tBagni Margherita con ampi spazi tra gli ombrelloni\n\t\t\t\t<\/figcaption><\/figure><figure class='gallery-item'>\n\t\t\t<div class='gallery-icon portrait'>\n\t\t\t\t<a href='https:\/\/www.hotelcormoran.com\/wp-content\/uploads\/2019\/03\/P1000697.jpg' data-size=\"1200x1600\" title=\"Immagine galleria\"><img loading=\"lazy\" decoding=\"async\" width=\"300\" height=\"300\" src=\"https:\/\/www.hotelcormoran.com\/wp-content\/uploads\/2019\/03\/P1000697-300x300.jpg\" class=\"attachment-medium size-medium\" alt=\"\" srcset=\"https:\/\/www.hotelcormoran.com\/wp-content\/uploads\/2019\/03\/P1000697-300x300.jpg 300w, https:\/\/www.hotelcormoran.com\/wp-content\/uploads\/2019\/03\/P1000697-150x150.jpg 150w, https:\/\/www.hotelcormoran.com\/wp-content\/uploads\/2019\/03\/P1000697-1024x1024.jpg 1024w, https:\/\/www.hotelcormoran.com\/wp-content\/uploads\/2019\/03\/P1000697-500x500.jpg 500w\" sizes=\"auto, (max-width: 300px) 100vw, 300px\" \/><\/a>\n\t\t\t<\/div><\/figure>\n\t\t<\/div>\n\n<p>La plage de Cattolica, depuis plus de onze ans, affiche la c\u00e9l\u00e8bre\u00a0<strong>certification Bandiera Blu (Drapeau bleu)<\/strong>. Il s\u2019agit d\u2019une importante garantie europ\u00e9enne synonyme de qualit\u00e9 de l\u2019eau et de l\u2019excellence des structures de baignade.<\/p>\n<p>A l\u2019H\u00f4tel Cormoran, la vie \u00e0 la plage devient un luxe incomparable dont profiter pleinement et sans soucis.<\/p>\n","protected":false},"excerpt":{"rendered":"<p>Juste 100 m\u00e8tres \u00e0 faire pour poser les pieds sur le sable. Et pour vous, le silence et l\u2019intimit\u00e9 de la plage priv\u00e9e. A Cattolica, comme sur toute la Riviera, la plage est le lieu de vie d\u2019\u00e9t\u00e9 des touristes et habitants de la ville.\u00a0Et c\u2019est par l\u00e0 que passent toutes les activit\u00e9s, du bain de soleil\u00a0au fitness, du bien-\u00eatre au sport. Un agr\u00e9able point de rencontre, o\u00f9 naissent de &#8230;<\/p>\n","protected":false},"author":1,"featured_media":0,"parent":0,"menu_order":0,"comment_status":"closed","ping_status":"closed","template":"","meta":{"_acf_changed":false},"class_list":["post-2667","page","type-page","status-publish","hentry"],"acf":[],"_links":{"self":[{"href":"https:\/\/www.hotelcormoran.com\/fr\/wp-json\/wp\/v2\/pages\/2667","targetHints":{"allow":["GET"]}}],"collection":[{"href":"https:\/\/www.hotelcormoran.com\/fr\/wp-json\/wp\/v2\/pages"}],"about":[{"href":"https:\/\/www.hotelcormoran.com\/fr\/wp-json\/wp\/v2\/types\/page"}],"author":[{"embeddable":true,"href":"https:\/\/www.hotelcormoran.com\/fr\/wp-json\/wp\/v2\/users\/1"}],"replies":[{"embeddable":true,"href":"https:\/\/www.hotelcormoran.com\/fr\/wp-json\/wp\/v2\/comments?post=2667"}],"version-history":[{"count":0,"href":"https:\/\/www.hotelcormoran.com\/fr\/wp-json\/wp\/v2\/pages\/2667\/revisions"}],"wp:attachment":[{"href":"https:\/\/www.hotelcormoran.com\/fr\/wp-json\/wp\/v2\/media?parent=2667"}],"curies":[{"name":"wp","href":"https:\/\/api.w.org\/{rel}","templated":true}]}}