{"id":2668,"date":"2017-12-11T10:19:45","date_gmt":"2017-12-11T09:19:45","guid":{"rendered":"https:\/\/www.hotelcormoran.com\/ristorante\/"},"modified":"2025-01-14T09:50:43","modified_gmt":"2025-01-14T08:50:43","slug":"restaurant","status":"publish","type":"page","link":"https:\/\/www.hotelcormoran.com\/fr\/restaurant\/","title":{"rendered":"Un plaisir immense, pas seulement dans l\u2019assiette"},"content":{"rendered":"<h2>A table, d\u00e9gustez les sp\u00e9cialit\u00e9s de Romagne pendant que vos yeux sont captur\u00e9s par le panorama<\/h2>\n<h3>D\u00e9jeuners et d\u00eeners dans la tradition<\/h3>\n<p>Selon l\u2019avis de nombreux clients, ces moments sont les plus particuliers des vacances. Tous les jours, installez-vous dans la grande<strong>\u00a0salle de restaurant panoramique<\/strong>, \u00e0 l\u2019\u00e9tage de l\u2019H\u00f4tel Cormoran, face \u00e0 la plage, c\u2019est l\u00e0 que commence votre voyage gastronomique.<br \/>\n<strong>Le chef propose trois menus diff\u00e9rents<\/strong>, qui r\u00e9veilleront votre app\u00e9tit\u00a0 avec des propositions de haute qualit\u00e9, typiques de la r\u00e9gion. Trois plats de p\u00e2tes et trois plats de viandes et poissons qui vous feront d\u00e9couvrir les meilleures sp\u00e9cialit\u00e9s.<br \/>\nLes p\u00e2tes maison,\u00a0<strong>le savoureux poisson du jour<\/strong>\u00a0la\u00a0\u00ab\u00a0<strong>piadina romagnola<\/strong>\u00a0\u00bb.<\/p>\n<div id='gallery-1' class='gallery galleryid-2668 gallery-columns-4 gallery-size-medium'><figure class='gallery-item'>\n\t\t\t<div class='gallery-icon landscape'>\n\t\t\t\t<a href='https:\/\/www.hotelcormoran.com\/wp-content\/uploads\/2019\/03\/DSC8933-1.jpg' data-size=\"1440x895\" title=\"Immagine galleria\"><img loading=\"lazy\" decoding=\"async\" width=\"300\" height=\"300\" src=\"https:\/\/www.hotelcormoran.com\/wp-content\/uploads\/2019\/03\/DSC8933-1-300x300.jpg\" class=\"attachment-medium size-medium\" alt=\"\" srcset=\"https:\/\/www.hotelcormoran.com\/wp-content\/uploads\/2019\/03\/DSC8933-1-300x300.jpg 300w, https:\/\/www.hotelcormoran.com\/wp-content\/uploads\/2019\/03\/DSC8933-1-150x150.jpg 150w, https:\/\/www.hotelcormoran.com\/wp-content\/uploads\/2019\/03\/DSC8933-1-500x500.jpg 500w\" sizes=\"auto, (max-width: 300px) 100vw, 300px\" \/><\/a>\n\t\t\t<\/div><\/figure><figure class='gallery-item'>\n\t\t\t<div class='gallery-icon landscape'>\n\t\t\t\t<a href='https:\/\/www.hotelcormoran.com\/wp-content\/uploads\/2019\/03\/DSC8947.jpg' data-size=\"1440x890\" title=\"Immagine galleria\"><img loading=\"lazy\" decoding=\"async\" width=\"300\" height=\"300\" src=\"https:\/\/www.hotelcormoran.com\/wp-content\/uploads\/2019\/03\/DSC8947-300x300.jpg\" class=\"attachment-medium size-medium\" alt=\"\" srcset=\"https:\/\/www.hotelcormoran.com\/wp-content\/uploads\/2019\/03\/DSC8947-300x300.jpg 300w, https:\/\/www.hotelcormoran.com\/wp-content\/uploads\/2019\/03\/DSC8947-150x150.jpg 150w, https:\/\/www.hotelcormoran.com\/wp-content\/uploads\/2019\/03\/DSC8947-500x500.jpg 500w\" sizes=\"auto, (max-width: 300px) 100vw, 300px\" \/><\/a>\n\t\t\t<\/div><\/figure><figure class='gallery-item'>\n\t\t\t<div class='gallery-icon landscape'>\n\t\t\t\t<a href='https:\/\/www.hotelcormoran.com\/wp-content\/uploads\/2019\/03\/DSC9196.jpg' data-size=\"1440x890\" title=\"Immagine galleria\"><img loading=\"lazy\" decoding=\"async\" width=\"300\" height=\"300\" src=\"https:\/\/www.hotelcormoran.com\/wp-content\/uploads\/2019\/03\/DSC9196-300x300.jpg\" class=\"attachment-medium size-medium\" alt=\"\" srcset=\"https:\/\/www.hotelcormoran.com\/wp-content\/uploads\/2019\/03\/DSC9196-300x300.jpg 300w, https:\/\/www.hotelcormoran.com\/wp-content\/uploads\/2019\/03\/DSC9196-150x150.jpg 150w, https:\/\/www.hotelcormoran.com\/wp-content\/uploads\/2019\/03\/DSC9196-500x500.jpg 500w\" sizes=\"auto, (max-width: 300px) 100vw, 300px\" \/><\/a>\n\t\t\t<\/div><\/figure><figure class='gallery-item'>\n\t\t\t<div class='gallery-icon landscape'>\n\t\t\t\t<a href='https:\/\/www.hotelcormoran.com\/wp-content\/uploads\/2019\/03\/20180627_192743.jpg' data-size=\"2000x1500\" title=\"Immagine galleria\"><img loading=\"lazy\" decoding=\"async\" width=\"300\" height=\"300\" src=\"https:\/\/www.hotelcormoran.com\/wp-content\/uploads\/2019\/03\/20180627_192743-300x300.jpg\" class=\"attachment-medium size-medium\" alt=\"\" srcset=\"https:\/\/www.hotelcormoran.com\/wp-content\/uploads\/2019\/03\/20180627_192743-300x300.jpg 300w, https:\/\/www.hotelcormoran.com\/wp-content\/uploads\/2019\/03\/20180627_192743-150x150.jpg 150w, https:\/\/www.hotelcormoran.com\/wp-content\/uploads\/2019\/03\/20180627_192743-1024x1024.jpg 1024w, https:\/\/www.hotelcormoran.com\/wp-content\/uploads\/2019\/03\/20180627_192743-500x500.jpg 500w\" sizes=\"auto, (max-width: 300px) 100vw, 300px\" \/><\/a>\n\t\t\t<\/div><\/figure>\n\t\t<\/div>\n\n<h3>Par quoi vous laisserez-vous tenter aujourd\u2019hui ?<\/h3>\n<p>Un buffet tr\u00e8s complet d\u2019accompagnements et de l\u00e9gumes tr\u00e8s frais vous sera \u00e9galement propos\u00e9, avec de d\u00e9licieuses salades, assaisonn\u00e9es avec des ingr\u00e9dients de premier choix.<\/p>\n<p><strong>La cuisine<\/strong>\u00a0de l\u2019H\u00f4tel Cormoran,<strong>\u00a0soign\u00e9e dans les moindres d\u00e9tails<\/strong>, vous offre des sensations uniques et sait titiller vos sens, entre parfums,\u00a0<strong>saveurs et cr\u00e9ations culinaires, qui r\u00e9galent aussi les yeux<\/strong>. Go\u00fbtez-y pour y croire !<\/p>\n<h3><strong>Si vous pr\u00e9voyez une sortie aux alentours ou une journ\u00e9e sp\u00e9ciale mer\u2026<\/strong><\/h3>\n<p>Il suffit d\u2019en informer le personnel de salle pour obtenir un app\u00e9tissant pique-nique.<\/p>\n<h3>Votre petit-d\u00e9jeuner donne sur la piscine<\/h3>\n<p>La salle de petit-d\u00e9jeuner vous offre une vue diff\u00e9rente, pas sur la mer mais sur l\u2019\u00e9l\u00e9gante zone piscine de l\u2019h\u00f4tel Cormoran.<br \/>\nSeule une claire baie vitr\u00e9e vous s\u00e9pare de l\u2019eau bleue, des bains de soleil et des parasols.<br \/>\nVotre journ\u00e9e commence avec les couleurs de la tranquillit\u00e9 et un copieux buffet sucr\u00e9 et sal\u00e9, id\u00e9al pour faire le plein d\u2019\u00e9nergie, n\u00e9cessaire \u00e0 vos matin\u00e9es de vacances. Biscuits, gourmandes p\u00e2tisseries, pain frais, yaourts, c\u00e9r\u00e9ales et confitures ; fruits frais et autres d\u00e9lices ravissent les amateurs de la cuisine italienne.\u00a0 Pour les amateurs de sal\u00e9 : salaisons tranch\u00e9es, charcuteries et fromages app\u00e9tissants pour un toast dans les r\u00e8gles de l\u2019art..<\/p>\n<p><strong>Et comme le veut la tradition, le tout accompagn\u00e9 de jus de fruits, th\u00e9, cappuccino et d\u2019un bon caf\u00e9 expresso.<\/strong><\/p>\n","protected":false},"excerpt":{"rendered":"<p>A table, d\u00e9gustez les sp\u00e9cialit\u00e9s de Romagne pendant que vos yeux sont captur\u00e9s par le panorama D\u00e9jeuners et d\u00eeners dans la tradition Selon l\u2019avis de nombreux clients, ces moments sont les plus particuliers des vacances. Tous les jours, installez-vous dans la grande\u00a0salle de restaurant panoramique, \u00e0 l\u2019\u00e9tage de l\u2019H\u00f4tel Cormoran, face \u00e0 la plage, c\u2019est l\u00e0 que commence votre voyage gastronomique. Le chef propose trois menus diff\u00e9rents, qui r\u00e9veilleront votre &#8230;<\/p>\n","protected":false},"author":1,"featured_media":0,"parent":0,"menu_order":0,"comment_status":"closed","ping_status":"closed","template":"","meta":{"_acf_changed":false},"class_list":["post-2668","page","type-page","status-publish","hentry"],"acf":[],"_links":{"self":[{"href":"https:\/\/www.hotelcormoran.com\/fr\/wp-json\/wp\/v2\/pages\/2668","targetHints":{"allow":["GET"]}}],"collection":[{"href":"https:\/\/www.hotelcormoran.com\/fr\/wp-json\/wp\/v2\/pages"}],"about":[{"href":"https:\/\/www.hotelcormoran.com\/fr\/wp-json\/wp\/v2\/types\/page"}],"author":[{"embeddable":true,"href":"https:\/\/www.hotelcormoran.com\/fr\/wp-json\/wp\/v2\/users\/1"}],"replies":[{"embeddable":true,"href":"https:\/\/www.hotelcormoran.com\/fr\/wp-json\/wp\/v2\/comments?post=2668"}],"version-history":[{"count":0,"href":"https:\/\/www.hotelcormoran.com\/fr\/wp-json\/wp\/v2\/pages\/2668\/revisions"}],"wp:attachment":[{"href":"https:\/\/www.hotelcormoran.com\/fr\/wp-json\/wp\/v2\/media?parent=2668"}],"curies":[{"name":"wp","href":"https:\/\/api.w.org\/{rel}","templated":true}]}}