{"id":2671,"date":"2019-03-25T10:46:23","date_gmt":"2019-03-25T09:46:23","guid":{"rendered":"https:\/\/www.hotelcormoran.com\/servizi\/"},"modified":"2019-03-29T16:56:43","modified_gmt":"2019-03-29T15:56:43","slug":"services","status":"publish","type":"page","link":"https:\/\/www.hotelcormoran.com\/fr\/services\/","title":{"rendered":"Bien des fa\u00e7ons de passer vos vacances"},"content":{"rendered":"<h2>Tous les services que l\u2019H\u00f4tel a \u00e9tudi\u00e9s sp\u00e9cialement pour vous<\/h2>\n<h3>Ne pensez plus \u00e0 vous garer, nous nous occupons aussi de votre voiture<\/h3>\n<p>En vacances, d\u00e9cidez vous-m\u00eame d\u2019oublier la voiture ou de la prendre pour quelques excursions et sorties dans le splendide arri\u00e8re-pays romagnole. Ici, pas de panique comme dans les autres stations baln\u00e9aires en plein \u00e9t\u00e9, l\u2019H\u00f4tel Cormoran dispose de deux grands parkings cl\u00f4tur\u00e9s et gratuits.<\/p>\n<div id='gallery-1' class='gallery galleryid-2671 gallery-columns-4 gallery-size-medium'><figure class='gallery-item'>\n\t\t\t<div class='gallery-icon landscape'>\n\t\t\t\t<a href='https:\/\/www.hotelcormoran.com\/wp-content\/uploads\/2019\/03\/DSC8854.jpg' data-size=\"1440x880\" title=\"Immagine galleria\"><img loading=\"lazy\" decoding=\"async\" width=\"300\" height=\"300\" src=\"https:\/\/www.hotelcormoran.com\/wp-content\/uploads\/2019\/03\/DSC8854-300x300.jpg\" class=\"attachment-medium size-medium\" alt=\"\" srcset=\"https:\/\/www.hotelcormoran.com\/wp-content\/uploads\/2019\/03\/DSC8854-300x300.jpg 300w, https:\/\/www.hotelcormoran.com\/wp-content\/uploads\/2019\/03\/DSC8854-150x150.jpg 150w, https:\/\/www.hotelcormoran.com\/wp-content\/uploads\/2019\/03\/DSC8854-500x500.jpg 500w\" sizes=\"auto, (max-width: 300px) 100vw, 300px\" \/><\/a>\n\t\t\t<\/div><\/figure><figure class='gallery-item'>\n\t\t\t<div class='gallery-icon landscape'>\n\t\t\t\t<a href='https:\/\/www.hotelcormoran.com\/wp-content\/uploads\/2019\/03\/DSC8887.jpg' data-size=\"1440x880\" title=\"Immagine galleria\"><img loading=\"lazy\" decoding=\"async\" width=\"300\" height=\"300\" src=\"https:\/\/www.hotelcormoran.com\/wp-content\/uploads\/2019\/03\/DSC8887-300x300.jpg\" class=\"attachment-medium size-medium\" alt=\"\" srcset=\"https:\/\/www.hotelcormoran.com\/wp-content\/uploads\/2019\/03\/DSC8887-300x300.jpg 300w, https:\/\/www.hotelcormoran.com\/wp-content\/uploads\/2019\/03\/DSC8887-150x150.jpg 150w, https:\/\/www.hotelcormoran.com\/wp-content\/uploads\/2019\/03\/DSC8887-500x500.jpg 500w\" sizes=\"auto, (max-width: 300px) 100vw, 300px\" \/><\/a>\n\t\t\t<\/div><\/figure><figure class='gallery-item'>\n\t\t\t<div class='gallery-icon portrait'>\n\t\t\t\t<a href='https:\/\/www.hotelcormoran.com\/wp-content\/uploads\/2019\/03\/DSF4634.jpg' data-size=\"1088x1440\" title=\"Immagine galleria\"><img loading=\"lazy\" decoding=\"async\" width=\"300\" height=\"300\" src=\"https:\/\/www.hotelcormoran.com\/wp-content\/uploads\/2019\/03\/DSF4634-300x300.jpg\" class=\"attachment-medium size-medium\" alt=\"\" srcset=\"https:\/\/www.hotelcormoran.com\/wp-content\/uploads\/2019\/03\/DSF4634-300x300.jpg 300w, https:\/\/www.hotelcormoran.com\/wp-content\/uploads\/2019\/03\/DSF4634-150x150.jpg 150w, https:\/\/www.hotelcormoran.com\/wp-content\/uploads\/2019\/03\/DSF4634-1024x1024.jpg 1024w, https:\/\/www.hotelcormoran.com\/wp-content\/uploads\/2019\/03\/DSF4634-500x500.jpg 500w\" sizes=\"auto, (max-width: 300px) 100vw, 300px\" \/><\/a>\n\t\t\t<\/div><\/figure><figure class='gallery-item'>\n\t\t\t<div class='gallery-icon portrait'>\n\t\t\t\t<a href='https:\/\/www.hotelcormoran.com\/wp-content\/uploads\/2019\/03\/Doccia-solare-01.jpg' data-size=\"841x1307\" title=\"Immagine galleria\"><img loading=\"lazy\" decoding=\"async\" width=\"300\" height=\"300\" src=\"https:\/\/www.hotelcormoran.com\/wp-content\/uploads\/2019\/03\/Doccia-solare-01-300x300.jpg\" class=\"attachment-medium size-medium\" alt=\"\" srcset=\"https:\/\/www.hotelcormoran.com\/wp-content\/uploads\/2019\/03\/Doccia-solare-01-300x300.jpg 300w, https:\/\/www.hotelcormoran.com\/wp-content\/uploads\/2019\/03\/Doccia-solare-01-150x150.jpg 150w, https:\/\/www.hotelcormoran.com\/wp-content\/uploads\/2019\/03\/Doccia-solare-01-500x500.jpg 500w\" sizes=\"auto, (max-width: 300px) 100vw, 300px\" \/><\/a>\n\t\t\t<\/div><\/figure>\n\t\t<\/div>\n\n<h3>Inconditionnel d\u2019Internet ? A l\u2019h\u00f4tel, connectez-vous d\u00e8s que vous le voulez<\/h3>\n<p>M\u00eame si l\u2019id\u00e9al serait de profiter pleinement du soleil et de la mer en mettant de c\u00f4t\u00e9 ordinateur, tablette et t\u00e9l\u00e9phone portable, l\u2019H\u00f4tel dispose d\u2019un coin Internet avec ordinateur et le Wifi couvre toute la structure. Chattez avec mod\u00e9ration, et profitez de la plage\u00a0!<\/p>\n<h3>Un plongeon dans la piscine pour bien commencer la journ\u00e9e<\/h3>\n<p>Trois piscines qui ravissent tous nos clients. Une piscine olympique, avec toboggan et plongeoir pour des plongeons impressionnants, un jacuzzi pour le bien-\u00eatre et un petit bain pour les plus jeunes de l\u2019H\u00f4tel.<\/p>\n<h3>En vacances, chaque occasion est bonne pour jouer et faire du sport<\/h3>\n<p>A quelques m\u00e8tres de l\u2019H\u00f4tel se trouve le court de tennis priv\u00e9. Si vous aimez ce sport, le divertissement est assur\u00e9 ! A l\u2019int\u00e9rieur de l\u2019h\u00f4tel, un espace d\u00e9tente est \u00e9quip\u00e9 d\u2019un billard et \u00e0 l\u2019ext\u00e9rieur, une table de ping-pong attend les amateurs. Organisez des tournois et des parties avec vos amis\u00a0! Des passe-temps id\u00e9aux pour vos moments \u00e0 l\u2019enseigne de la d\u00e9tente.<\/p>\n<h3>Et pour entretenir votre forme, l\u2019H\u00f4tel Cormoran dispose aussi d\u2019une salle de sport\u00a0!<\/h3>\n<p>Les f\u00e9rus de fitness ou les personnes qui veulent br\u00fbler quelques calories apr\u00e8s les sp\u00e9cialit\u00e9s culinaires trouveront des \u00e9quipements et un espace gymnastique dans la salle de sport de l\u2019H\u00f4tel. Et pour ceux qui ne se limitent pas aux bains de soleil pendant la journ\u00e9e, voici la douche solaire \u00e0 rayons UVA, \u00e0 la disposition de tous les clients.<\/p>\n","protected":false},"excerpt":{"rendered":"<p>Tous les services que l\u2019H\u00f4tel a \u00e9tudi\u00e9s sp\u00e9cialement pour vous Ne pensez plus \u00e0 vous garer, nous nous occupons aussi de votre voiture En vacances, d\u00e9cidez vous-m\u00eame d\u2019oublier la voiture ou de la prendre pour quelques excursions et sorties dans le splendide arri\u00e8re-pays romagnole. Ici, pas de panique comme dans les autres stations baln\u00e9aires en plein \u00e9t\u00e9, l\u2019H\u00f4tel Cormoran dispose de deux grands parkings cl\u00f4tur\u00e9s et gratuits. Inconditionnel d\u2019Internet ? &#8230;<\/p>\n","protected":false},"author":1,"featured_media":0,"parent":0,"menu_order":0,"comment_status":"closed","ping_status":"closed","template":"","meta":{"_acf_changed":false},"class_list":["post-2671","page","type-page","status-publish","hentry"],"acf":[],"_links":{"self":[{"href":"https:\/\/www.hotelcormoran.com\/fr\/wp-json\/wp\/v2\/pages\/2671","targetHints":{"allow":["GET"]}}],"collection":[{"href":"https:\/\/www.hotelcormoran.com\/fr\/wp-json\/wp\/v2\/pages"}],"about":[{"href":"https:\/\/www.hotelcormoran.com\/fr\/wp-json\/wp\/v2\/types\/page"}],"author":[{"embeddable":true,"href":"https:\/\/www.hotelcormoran.com\/fr\/wp-json\/wp\/v2\/users\/1"}],"replies":[{"embeddable":true,"href":"https:\/\/www.hotelcormoran.com\/fr\/wp-json\/wp\/v2\/comments?post=2671"}],"version-history":[{"count":0,"href":"https:\/\/www.hotelcormoran.com\/fr\/wp-json\/wp\/v2\/pages\/2671\/revisions"}],"wp:attachment":[{"href":"https:\/\/www.hotelcormoran.com\/fr\/wp-json\/wp\/v2\/media?parent=2671"}],"curies":[{"name":"wp","href":"https:\/\/api.w.org\/{rel}","templated":true}]}}