{"id":2672,"date":"2019-03-25T11:06:07","date_gmt":"2019-03-25T10:06:07","guid":{"rendered":"https:\/\/www.hotelcormoran.com\/listino-prezzi\/"},"modified":"2024-11-20T11:25:52","modified_gmt":"2024-11-20T10:25:52","slug":"tarifs","status":"publish","type":"page","link":"https:\/\/www.hotelcormoran.com\/fr\/tarifs\/","title":{"rendered":"Nos services et r\u00e9duction pour enfants"},"content":{"rendered":"<h2><span style=\"color: #000000; font-size: 14pt;\"><strong>&#8230; nos proposition pour vos vacances au Cormoran &#8230;<\/strong><\/span><\/h2>\n<p><strong>Choisissez parmi les diff\u00e9rents formule de s\u00e9jour que nous vous proposons<\/strong> celui qui correspond le mieux \u00e0 vos besoins : pension compl\u00e8te ou demi-pension ; Forfait tout compris (incluant les boissons pendant les repas et le service de plage) ou vous pouvez choisir d&rsquo;inclure uniquement la plage ou uniquement les boissons dans votre s\u00e9jour, ou pourquoi pas, opter uniquement pour le traitement Bed &amp; Breakfast (vous pouvez ajouter le repas suppl\u00e9mentaire \u00e0 chaque fois que vous le souhaitez)<\/p>\n<p><a href=\"https:\/\/www.hotelcormoran.com\/fr\/demander-un-devis\/\"><strong>N&rsquo;attendez plus, demandez d\u00e8s maintenant votre devis personnalis\u00e9 et bloquez le prix &gt;&gt;<\/strong><\/a><\/p>\n<ul>\n<li>Chambres \u00a0double avec climatisation, , s\u00e8che-cheveux, t\u00e9l\u00e9phone, radio, TV-SAT, minibar, coffre-fort et balcon vue mer.<\/li>\n<li>Taxe de s\u00e9jour : \u20ac 2,50 par jour par personne maximum 7 jours. Enfants jusqu\u2019\u00e0 14 ans exon\u00e9r\u00e9s<\/li>\n<\/ul>\n<h3><span style=\"color: #000000; font-size: 12pt;\">Suppl\u00e9ments\u00a0 :<\/span><\/h3>\n<h3><span style=\"font-size: 12pt;\">Chambre double \u00e0 usage individuel\u00a0 +50%<\/span><\/h3>\n<h3><span style=\"color: #ff0000; font-size: 12pt;\"><span style=\"color: #000000;\"><strong>Reductions (pour enfants dans la chambre avec 2 adultes) :<\/strong><\/span>\u00a0<\/span><\/h3>\n<ul>\n<li>Jusqu\u2019\u00e0 3 ans 20,00 \u20ac par jour.<\/li>\n<li>3 \u00e0 6 ans <strong>-50 %<\/strong>;<\/li>\n<li>6 \u00e0 12 ans <strong>-30%<\/strong>;<\/li>\n<li>Troisi\u00e8me lit (adultes) <strong>-20%<\/strong>;<\/li>\n<\/ul>\n<p><span style=\"color: #000000;\">Les chambres sont disponibles de 12h00 le jour d\u2019arriv\u00e9e \u00e0 10h00 le jour du d\u00e9part. <\/span><\/p>\n<p><span style=\"color: #000000;\">Les repas non consomm\u00e9s \u00e0 l\u2019h\u00f4tel ne seront pas d\u00e9duits du prix du s\u00e9jour, mais sur demande seront remplac\u00e9s par un panier repas.<\/span><\/p>\n<ul>\n<li><strong>Sur la mer<\/strong>,<strong> chambres climatis\u00e9es<\/strong> et spacieuses tout confort avec salle de bains, s\u00e8che-cheveux, t\u00e9l\u00e9phone, radio, minibar, TV-sat, coffre-fort et grand balcon la plus parte avec vue de la mer.<\/li>\n<li><strong>Trois piscines<\/strong>: une olympique avec tremplin et dispositif pour nage contre courant, une pour enfants, et une avec hydro-massage Jacuzzi chauff\u00e9e.<\/li>\n<li><strong>Transats et parasols<\/strong> au bord de la piscine gratuits, et espace jeux pour enfants.<\/li>\n<li>Accueillante <strong>salle de s\u00e9jour<\/strong> avec TV-Sat et <strong>billard<\/strong>. Deux bars.<\/li>\n<li><strong>Salle de conf\u00e9rance polyvalente<\/strong>.<\/li>\n<li><strong>Wi-Fi<\/strong> dans tout l\u2019h\u00f4tel et sur la plage.<\/li>\n<li><strong>Restaurant<\/strong> climatis\u00e9 avec <strong>vue panoramique sur la <\/strong><strong>mer<\/strong> et salle c\u00f4t\u00e9 piscine pour le petit-d\u00e9jeuner avec buffet.<\/li>\n<li><strong>Cuisine tr\u00e8s soign\u00e9e<\/strong>, menus au choix, enrichis d\u2019invitants <strong>buffets de salades<\/strong> et hors-d\u2019oeuvre \u00e0 chaque repas. Sp\u00e9cialit\u00e9s de poisson. <strong>Menus pour enfants<\/strong>.<\/li>\n<li><strong>Plage priv\u00e9e<\/strong> avec parasols et trasats espac\u00e9s face \u00e0 l\u2019h\u00f4tel avec wi-fi, hydromassage et terrain beach volley.<\/li>\n<li>Court de <strong>tennis<\/strong>, tennis de table, <strong>salle de gym<\/strong> et v\u00e9los gratuits.<\/li>\n<li><strong>Solarium-UVA<\/strong>.<\/li>\n<li><strong>Salle de jeux pour enfants<\/strong>.<\/li>\n<li>Deux grands <strong>parkings gratuits priv\u00e9s<\/strong> et cl\u00f4tur\u00e9s \u00e0 c\u00f4t\u00e9 de l\u2019h\u00f4tel, et parking surveill\u00e9 et couvert \u00e0 100 mt. de l\u2019h\u00f4tel.<\/li>\n<li><strong>Ouvert des P\u00e2ques jusqu\u2019\u00e0 Septembre<\/strong>.<\/li>\n<\/ul>\n<p>&nbsp;<\/p>\n<h3><span style=\"color: #000000;\"><strong>Services gratuits :<\/strong><\/span><\/h3>\n<p>Piscines, jacuzzi, bains de soleil \u00e0 la piscine, Wifi, Point Internet, tennis de table, salle de sport, parking, tennis et v\u00e9los.<\/p>\n","protected":false},"excerpt":{"rendered":"<p>&#8230; nos proposition pour vos vacances au Cormoran &#8230; Choisissez parmi les diff\u00e9rents formule de s\u00e9jour que nous vous proposons celui qui correspond le mieux \u00e0 vos besoins : pension compl\u00e8te ou demi-pension ; Forfait tout compris (incluant les boissons pendant les repas et le service de plage) ou vous pouvez choisir d&rsquo;inclure uniquement la plage ou uniquement les boissons dans votre s\u00e9jour, ou pourquoi pas, opter uniquement pour le &#8230;<\/p>\n","protected":false},"author":1,"featured_media":0,"parent":0,"menu_order":0,"comment_status":"closed","ping_status":"closed","template":"","meta":{"_acf_changed":false},"class_list":["post-2672","page","type-page","status-publish","hentry"],"acf":[],"_links":{"self":[{"href":"https:\/\/www.hotelcormoran.com\/fr\/wp-json\/wp\/v2\/pages\/2672","targetHints":{"allow":["GET"]}}],"collection":[{"href":"https:\/\/www.hotelcormoran.com\/fr\/wp-json\/wp\/v2\/pages"}],"about":[{"href":"https:\/\/www.hotelcormoran.com\/fr\/wp-json\/wp\/v2\/types\/page"}],"author":[{"embeddable":true,"href":"https:\/\/www.hotelcormoran.com\/fr\/wp-json\/wp\/v2\/users\/1"}],"replies":[{"embeddable":true,"href":"https:\/\/www.hotelcormoran.com\/fr\/wp-json\/wp\/v2\/comments?post=2672"}],"version-history":[{"count":0,"href":"https:\/\/www.hotelcormoran.com\/fr\/wp-json\/wp\/v2\/pages\/2672\/revisions"}],"wp:attachment":[{"href":"https:\/\/www.hotelcormoran.com\/fr\/wp-json\/wp\/v2\/media?parent=2672"}],"curies":[{"name":"wp","href":"https:\/\/api.w.org\/{rel}","templated":true}]}}