{"id":2677,"date":"2019-03-25T11:13:51","date_gmt":"2019-03-25T10:13:51","guid":{"rendered":"https:\/\/www.hotelcormoran.com\/attivita-sportive-cattolica\/"},"modified":"2019-03-29T17:19:57","modified_gmt":"2019-03-29T16:19:57","slug":"vacances-actives-cattolica","status":"publish","type":"page","link":"https:\/\/www.hotelcormoran.com\/fr\/vacances-actives-cattolica\/","title":{"rendered":"Vacances actives"},"content":{"rendered":"<h3>GOLF<\/h3>\n<p>De doux moments de relax au milieu de la nature, entre la mer et le golf. L\u2019H\u00f4tel Cormoran est conventionn\u00e9 avec le tout nouveau\u00a0<strong>Rivera Golf Club.<\/strong><br \/>\nCe complexe sportif polyvalent peut offrir \u00e0 nos clients tous les plaisirs exclusifs d\u2019un havre de paix et de bien-\u00eatre.<\/p>\n<p>Au <strong>Riviera Golf<\/strong>\u00a0vous trouverez:<\/p>\n<ul>\n<li>18 trous championship (PAR 70)<\/li>\n<li>Terrain muni de 12 points<\/li>\n<li>Terrain executive 9 trous (PAR 27)<\/li>\n<li>Ecole de golf avec des moniteurs inscrits \u00e0 la F\u00e9d\u00e9ration<\/li>\n<li>Putting green avec 12 trous<\/li>\n<li>Salle pour ranger les sacs<\/li>\n<li>Location de golf-carts, de caddies et de sacs; boutique<\/li>\n<li>Club-House avec bar et restaurant<\/li>\n<li>Piscine en plein air de 80 m<\/li>\n<li>Piscine couverte avec parcours hydromassage<\/li>\n<li>Sauna, hammam et centre de massages<\/li>\n<li>Cours de tennis<\/li>\n<\/ul>\n<div id='gallery-1' class='gallery galleryid-2677 gallery-columns-4 gallery-size-medium'><figure class='gallery-item'>\n\t\t\t<div class='gallery-icon landscape'>\n\t\t\t\t<a href='https:\/\/www.hotelcormoran.com\/wp-content\/uploads\/2019\/03\/ciclismo.jpg' data-size=\"1126x752\" title=\"Immagine galleria\"><img loading=\"lazy\" decoding=\"async\" width=\"300\" height=\"300\" src=\"https:\/\/www.hotelcormoran.com\/wp-content\/uploads\/2019\/03\/ciclismo-300x300.jpg\" class=\"attachment-medium size-medium\" alt=\"\" srcset=\"https:\/\/www.hotelcormoran.com\/wp-content\/uploads\/2019\/03\/ciclismo-300x300.jpg 300w, https:\/\/www.hotelcormoran.com\/wp-content\/uploads\/2019\/03\/ciclismo-150x150.jpg 150w, https:\/\/www.hotelcormoran.com\/wp-content\/uploads\/2019\/03\/ciclismo-500x500.jpg 500w\" sizes=\"auto, (max-width: 300px) 100vw, 300px\" \/><\/a>\n\t\t\t<\/div><\/figure><figure class='gallery-item'>\n\t\t\t<div class='gallery-icon landscape'>\n\t\t\t\t<a href='https:\/\/www.hotelcormoran.com\/wp-content\/uploads\/2019\/03\/tennis.jpg' data-size=\"829x553\" title=\"Immagine galleria\"><img loading=\"lazy\" decoding=\"async\" width=\"300\" height=\"300\" src=\"https:\/\/www.hotelcormoran.com\/wp-content\/uploads\/2019\/03\/tennis-300x300.jpg\" class=\"attachment-medium size-medium\" alt=\"\" srcset=\"https:\/\/www.hotelcormoran.com\/wp-content\/uploads\/2019\/03\/tennis-300x300.jpg 300w, https:\/\/www.hotelcormoran.com\/wp-content\/uploads\/2019\/03\/tennis-150x150.jpg 150w, https:\/\/www.hotelcormoran.com\/wp-content\/uploads\/2019\/03\/tennis-500x500.jpg 500w\" sizes=\"auto, (max-width: 300px) 100vw, 300px\" \/><\/a>\n\t\t\t<\/div><\/figure><figure class='gallery-item'>\n\t\t\t<div class='gallery-icon landscape'>\n\t\t\t\t<a href='https:\/\/www.hotelcormoran.com\/wp-content\/uploads\/2019\/03\/tennis2.jpg' data-size=\"1601x1005\" title=\"Immagine galleria\"><img loading=\"lazy\" decoding=\"async\" width=\"300\" height=\"300\" src=\"https:\/\/www.hotelcormoran.com\/wp-content\/uploads\/2019\/03\/tennis2-300x300.jpg\" class=\"attachment-medium size-medium\" alt=\"\" srcset=\"https:\/\/www.hotelcormoran.com\/wp-content\/uploads\/2019\/03\/tennis2-300x300.jpg 300w, https:\/\/www.hotelcormoran.com\/wp-content\/uploads\/2019\/03\/tennis2-150x150.jpg 150w, https:\/\/www.hotelcormoran.com\/wp-content\/uploads\/2019\/03\/tennis2-500x500.jpg 500w\" sizes=\"auto, (max-width: 300px) 100vw, 300px\" \/><\/a>\n\t\t\t<\/div><\/figure><figure class='gallery-item'>\n\t\t\t<div class='gallery-icon landscape'>\n\t\t\t\t<a href='https:\/\/www.hotelcormoran.com\/wp-content\/uploads\/2019\/03\/golf.jpg' data-size=\"933x622\" title=\"Immagine galleria\"><img loading=\"lazy\" decoding=\"async\" width=\"300\" height=\"300\" src=\"https:\/\/www.hotelcormoran.com\/wp-content\/uploads\/2019\/03\/golf-300x300.jpg\" class=\"attachment-medium size-medium\" alt=\"\" srcset=\"https:\/\/www.hotelcormoran.com\/wp-content\/uploads\/2019\/03\/golf-300x300.jpg 300w, https:\/\/www.hotelcormoran.com\/wp-content\/uploads\/2019\/03\/golf-150x150.jpg 150w, https:\/\/www.hotelcormoran.com\/wp-content\/uploads\/2019\/03\/golf-500x500.jpg 500w\" sizes=\"auto, (max-width: 300px) 100vw, 300px\" \/><\/a>\n\t\t\t<\/div><\/figure>\n\t\t<\/div>\n\n<h3>TENNIS \/ BABY FOOT<\/h3>\n<p>On peut pratiquer du tennis et du baby-foot car l\u2019on dispose de terrains situ\u00e9s \u00e0 proximit\u00e9; et l\u2019on organise des tournois le jour comme la nuit pour nos clients.<\/p>\n<h3>TREKKING et MARCHE NORDIQUE<\/h3>\n<p>Le parc naturel de San Bartolo est l\u2019endroit id\u00e9al pour plonger dans la nature. Nous organisons des randonn\u00e9es pour d\u00e9couvrir des endroits fantastiques et des vues \u00e0 couper le souffle.<\/p>\n<h3>\u00c9QUITATION<\/h3>\n<p>A seulement 15 minutes, le Horses Riviera Resort accueille chaque ann\u00e9e de grandes comp\u00e9titions nationales et internationales. Situ\u00e9 \u00e0 San Giovanni in Marignano, \u00e0 3 km. de la sortie d\u2019autoroute de Cattolica (A14)<\/p>\n<h3>CYCLISME<\/h3>\n<p>Possibilit\u00e9s infinies pour les cyclistes, tous particuli\u00e8rement int\u00e9ressants et avec diff\u00e9rents niveaux de difficult\u00e9. Pour ne nommer que quelques itin\u00e9raires: \u00e0 quelques minutes de nous commence la c\u00e9l\u00e8bre Route Panoramique du Monte San Bartolo, plusieurs fois le protagoniste du Giro d\u2019Italia; l\u2019arri\u00e8re-pays avec Gradara, Mondaino, Saludecio et Montegridolfo, mais aussi Urbino et Carpegna, aussi ce dernier bien connu de tous les enthousiastes du Giro.<br \/>\nRassemblez des exp\u00e9riences uniques et inoubliables!<\/p>\n","protected":false},"excerpt":{"rendered":"<p>GOLF De doux moments de relax au milieu de la nature, entre la mer et le golf. L\u2019H\u00f4tel Cormoran est conventionn\u00e9 avec le tout nouveau\u00a0Rivera Golf Club. Ce complexe sportif polyvalent peut offrir \u00e0 nos clients tous les plaisirs exclusifs d\u2019un havre de paix et de bien-\u00eatre. Au Riviera Golf\u00a0vous trouverez: 18 trous championship (PAR 70) Terrain muni de 12 points Terrain executive 9 trous (PAR 27) Ecole de golf &#8230;<\/p>\n","protected":false},"author":1,"featured_media":0,"parent":0,"menu_order":0,"comment_status":"closed","ping_status":"closed","template":"","meta":{"_acf_changed":false},"class_list":["post-2677","page","type-page","status-publish","hentry"],"acf":[],"_links":{"self":[{"href":"https:\/\/www.hotelcormoran.com\/fr\/wp-json\/wp\/v2\/pages\/2677","targetHints":{"allow":["GET"]}}],"collection":[{"href":"https:\/\/www.hotelcormoran.com\/fr\/wp-json\/wp\/v2\/pages"}],"about":[{"href":"https:\/\/www.hotelcormoran.com\/fr\/wp-json\/wp\/v2\/types\/page"}],"author":[{"embeddable":true,"href":"https:\/\/www.hotelcormoran.com\/fr\/wp-json\/wp\/v2\/users\/1"}],"replies":[{"embeddable":true,"href":"https:\/\/www.hotelcormoran.com\/fr\/wp-json\/wp\/v2\/comments?post=2677"}],"version-history":[{"count":0,"href":"https:\/\/www.hotelcormoran.com\/fr\/wp-json\/wp\/v2\/pages\/2677\/revisions"}],"wp:attachment":[{"href":"https:\/\/www.hotelcormoran.com\/fr\/wp-json\/wp\/v2\/media?parent=2677"}],"curies":[{"name":"wp","href":"https:\/\/api.w.org\/{rel}","templated":true}]}}