{"id":2686,"date":"2019-03-25T11:11:41","date_gmt":"2019-03-25T10:11:41","guid":{"rendered":"https:\/\/www.hotelcormoran.com\/bike-friendly-hotel\/"},"modified":"2019-03-29T17:44:52","modified_gmt":"2019-03-29T16:44:52","slug":"hotel-convivial-pour-les-velos","status":"publish","type":"page","link":"https:\/\/www.hotelcormoran.com\/fr\/hotel-convivial-pour-les-velos\/","title":{"rendered":"H\u00f4tel convivial pour les v\u00e9los"},"content":{"rendered":"<p>\u00c0 l\u2019h\u00f4tel Cormoran \u00e0 Cattolica, les sportifs sont des invit\u00e9s sp\u00e9ciaux.<br \/>\nSi vous venez passer vos vacances sportives \u00e0 l\u2019H\u00f4tel Cormoran, vous trouverez de nombreux<\/p>\n<h3>services sur mesure pour vous:<\/h3>\n<ul>\n<li>D\u00e9p\u00f4t pour les v\u00e9los \u00e9quip\u00e9 pour les petites r\u00e9parations.<\/li>\n<li>Excursions guid\u00e9es pour groupes d\u2019au moins 5 personnes.<\/li>\n<li>Service de blanchisserie pour les v\u00eatements techniques.<\/li>\n<li>Piscine (mt.25\u00d710) avec jet \u00e0 contre-courant, tremplin, Jacuzzi chauff\u00e9 etchaises longues.<\/li>\n<li>Serviette de plage pour la piscine.<\/li>\n<li>Riche petit-d\u00e9jeuner le matin.<\/li>\n<li>Traitement en pension compl\u00e8te ou demi pension avec boissons comprises (eau min\u00e9rale et vin \u2013 local ou boissons non alcoolis\u00e9es).<\/li>\n<li>3 menus au choix et un riche buffet d\u2019entr\u00e9es et de l\u00e9gumes.<\/li>\n<li>pic nic, sucr\u00e9e et sal\u00e9e, au retour des randonn\u00e9es \u00e0 v\u00e9lo.<\/li>\n<li>Gym \u00e0 disposition.<\/li>\n<li>Court de tennis et tennis de table.<\/li>\n<li>Parking priv\u00e9 .<\/li>\n<li>Point Internet et Wi-Fi gratuit dans tout l\u2019h\u00f4tel, dans la chambre et \u00e0 la plage.<\/li>\n<\/ul>\n<div id='gallery-1' class='gallery galleryid-2686 gallery-columns-4 gallery-size-medium'><figure class='gallery-item'>\n\t\t\t<div class='gallery-icon landscape'>\n\t\t\t\t<a href='https:\/\/www.hotelcormoran.com\/wp-content\/uploads\/2019\/03\/gallery-bike.jpg' data-size=\"1348x883\" title=\"Immagine galleria\"><img loading=\"lazy\" decoding=\"async\" width=\"300\" height=\"300\" src=\"https:\/\/www.hotelcormoran.com\/wp-content\/uploads\/2019\/03\/gallery-bike-300x300.jpg\" class=\"attachment-medium size-medium\" alt=\"\" srcset=\"https:\/\/www.hotelcormoran.com\/wp-content\/uploads\/2019\/03\/gallery-bike-300x300.jpg 300w, https:\/\/www.hotelcormoran.com\/wp-content\/uploads\/2019\/03\/gallery-bike-150x150.jpg 150w, https:\/\/www.hotelcormoran.com\/wp-content\/uploads\/2019\/03\/gallery-bike-500x500.jpg 500w\" sizes=\"auto, (max-width: 300px) 100vw, 300px\" \/><\/a>\n\t\t\t<\/div><\/figure><figure class='gallery-item'>\n\t\t\t<div class='gallery-icon landscape'>\n\t\t\t\t<a href='https:\/\/www.hotelcormoran.com\/wp-content\/uploads\/2019\/03\/gallery-bike2.jpg' data-size=\"1000x732\" title=\"Immagine galleria\"><img loading=\"lazy\" decoding=\"async\" width=\"300\" height=\"300\" src=\"https:\/\/www.hotelcormoran.com\/wp-content\/uploads\/2019\/03\/gallery-bike2-300x300.jpg\" class=\"attachment-medium size-medium\" alt=\"\" srcset=\"https:\/\/www.hotelcormoran.com\/wp-content\/uploads\/2019\/03\/gallery-bike2-300x300.jpg 300w, https:\/\/www.hotelcormoran.com\/wp-content\/uploads\/2019\/03\/gallery-bike2-150x150.jpg 150w, https:\/\/www.hotelcormoran.com\/wp-content\/uploads\/2019\/03\/gallery-bike2-500x500.jpg 500w\" sizes=\"auto, (max-width: 300px) 100vw, 300px\" \/><\/a>\n\t\t\t<\/div><\/figure><figure class='gallery-item'>\n\t\t\t<div class='gallery-icon landscape'>\n\t\t\t\t<a href='https:\/\/www.hotelcormoran.com\/wp-content\/uploads\/2019\/03\/DSC8875.jpg' data-size=\"1277x746\" title=\"Immagine galleria\"><img loading=\"lazy\" decoding=\"async\" width=\"300\" height=\"300\" src=\"https:\/\/www.hotelcormoran.com\/wp-content\/uploads\/2019\/03\/DSC8875-300x300.jpg\" class=\"attachment-medium size-medium\" alt=\"\" srcset=\"https:\/\/www.hotelcormoran.com\/wp-content\/uploads\/2019\/03\/DSC8875-300x300.jpg 300w, https:\/\/www.hotelcormoran.com\/wp-content\/uploads\/2019\/03\/DSC8875-150x150.jpg 150w, https:\/\/www.hotelcormoran.com\/wp-content\/uploads\/2019\/03\/DSC8875-500x500.jpg 500w\" sizes=\"auto, (max-width: 300px) 100vw, 300px\" \/><\/a>\n\t\t\t<\/div><\/figure><figure class='gallery-item'>\n\t\t\t<div class='gallery-icon landscape'>\n\t\t\t\t<a href='https:\/\/www.hotelcormoran.com\/wp-content\/uploads\/2019\/03\/DSF4633.jpg' data-size=\"1229x729\" title=\"Immagine galleria\"><img loading=\"lazy\" decoding=\"async\" width=\"300\" height=\"300\" src=\"https:\/\/www.hotelcormoran.com\/wp-content\/uploads\/2019\/03\/DSF4633-300x300.jpg\" class=\"attachment-medium size-medium\" alt=\"\" srcset=\"https:\/\/www.hotelcormoran.com\/wp-content\/uploads\/2019\/03\/DSF4633-300x300.jpg 300w, https:\/\/www.hotelcormoran.com\/wp-content\/uploads\/2019\/03\/DSF4633-150x150.jpg 150w, https:\/\/www.hotelcormoran.com\/wp-content\/uploads\/2019\/03\/DSF4633-500x500.jpg 500w\" sizes=\"auto, (max-width: 300px) 100vw, 300px\" \/><\/a>\n\t\t\t<\/div><\/figure>\n\t\t<\/div>\n\n<h3>De plus, sur demande il est possible de trouver:<\/h3>\n<ul>\n<li>Massages sportifs.<\/li>\n<li>Transfert de la gare de Cattolica, Rimini ou Pesaro ou de l\u2019a\u00e9roport de Rimini.<\/li>\n<li>Location de v\u00e9los dans les magasins de v\u00e9los sp\u00e9cialis\u00e9s.<\/li>\n<\/ul>\n","protected":false},"excerpt":{"rendered":"<p>\u00c0 l\u2019h\u00f4tel Cormoran \u00e0 Cattolica, les sportifs sont des invit\u00e9s sp\u00e9ciaux. Si vous venez passer vos vacances sportives \u00e0 l\u2019H\u00f4tel Cormoran, vous trouverez de nombreux services sur mesure pour vous: D\u00e9p\u00f4t pour les v\u00e9los \u00e9quip\u00e9 pour les petites r\u00e9parations. Excursions guid\u00e9es pour groupes d\u2019au moins 5 personnes. Service de blanchisserie pour les v\u00eatements techniques. Piscine (mt.25\u00d710) avec jet \u00e0 contre-courant, tremplin, Jacuzzi chauff\u00e9 etchaises longues. Serviette de plage pour la &#8230;<\/p>\n","protected":false},"author":1,"featured_media":0,"parent":0,"menu_order":0,"comment_status":"closed","ping_status":"closed","template":"","meta":{"_acf_changed":false},"class_list":["post-2686","page","type-page","status-publish","hentry"],"acf":[],"_links":{"self":[{"href":"https:\/\/www.hotelcormoran.com\/fr\/wp-json\/wp\/v2\/pages\/2686","targetHints":{"allow":["GET"]}}],"collection":[{"href":"https:\/\/www.hotelcormoran.com\/fr\/wp-json\/wp\/v2\/pages"}],"about":[{"href":"https:\/\/www.hotelcormoran.com\/fr\/wp-json\/wp\/v2\/types\/page"}],"author":[{"embeddable":true,"href":"https:\/\/www.hotelcormoran.com\/fr\/wp-json\/wp\/v2\/users\/1"}],"replies":[{"embeddable":true,"href":"https:\/\/www.hotelcormoran.com\/fr\/wp-json\/wp\/v2\/comments?post=2686"}],"version-history":[{"count":0,"href":"https:\/\/www.hotelcormoran.com\/fr\/wp-json\/wp\/v2\/pages\/2686\/revisions"}],"wp:attachment":[{"href":"https:\/\/www.hotelcormoran.com\/fr\/wp-json\/wp\/v2\/media?parent=2686"}],"curies":[{"name":"wp","href":"https:\/\/api.w.org\/{rel}","templated":true}]}}