{"id":2719,"date":"2018-09-05T10:49:59","date_gmt":"2018-09-05T08:49:59","guid":{"rendered":"https:\/\/www.hotelcormoran.com\/dati-societari\/"},"modified":"2024-11-20T11:12:21","modified_gmt":"2024-11-20T10:12:21","slug":"donnees-sur-la-societe","status":"publish","type":"page","link":"https:\/\/www.hotelcormoran.com\/fr\/donnees-sur-la-societe\/","title":{"rendered":"Donn\u00e9es sur la soci\u00e9t\u00e9"},"content":{"rendered":"<p><strong>Donn\u00e9es sur la soci\u00e9t\u00e9 Hotel CORMORAN<\/strong><\/p>\n<p>D\u00e9nomination et raison sociale : <strong>O.T.A. di Silvagni Giorgio e Valerio S.n.c.<\/strong><br \/>\nSi\u00e8ge l\u00e9gal : <strong>Piazza Mercato, n\u00b0 20, CAP 47841 Cattolica (RN)<\/strong><br \/>\nBureau registre des entreprises : <strong>IT01530230406<\/strong><br \/>\nDate acte de constitution : <strong>04\/05\/1983<\/strong><br \/>\nDate inscription au registre des entreprises : <strong>19\/11\/1983<\/strong><br \/>\nCapital social :<br \/>\nCode d\u2019identification fiscale TVA n\u00b0 : <strong>IT01530230406<\/strong><br \/>\nCourrier \u00e9lectronique certifi\u00e9 (PEC) : <strong>cormorancattolica@pec.it<\/strong><br \/>\nBureau registre des entreprises: <strong>Romagna Forl\u00ec \u2013 Cesena e Rimini<\/strong><br \/>\nNum\u00e9ro R\u00e9pertoire \u00e9conomique administratif (Rea) : <strong>RN \u2013 202149<\/strong><\/p>\n<p><strong>CIR<\/strong>: 099002-AL-00073<\/p>\n<p><strong>CIN<\/strong>: IT099002A1N8HUQEQV<\/p>\n","protected":false},"excerpt":{"rendered":"<p>Donn\u00e9es sur la soci\u00e9t\u00e9 Hotel CORMORAN D\u00e9nomination et raison sociale : O.T.A. di Silvagni Giorgio e Valerio S.n.c. Si\u00e8ge l\u00e9gal : Piazza Mercato, n\u00b0 20, CAP 47841 Cattolica (RN) Bureau registre des entreprises : IT01530230406 Date acte de constitution : 04\/05\/1983 Date inscription au registre des entreprises : 19\/11\/1983 Capital social : Code d\u2019identification fiscale TVA n\u00b0 : IT01530230406 Courrier \u00e9lectronique certifi\u00e9 (PEC) : cormorancattolica@pec.it Bureau registre des entreprises: Romagna &#8230;<\/p>\n","protected":false},"author":1,"featured_media":0,"parent":0,"menu_order":0,"comment_status":"closed","ping_status":"closed","template":"","meta":{"_acf_changed":false},"class_list":["post-2719","page","type-page","status-publish","hentry"],"acf":[],"_links":{"self":[{"href":"https:\/\/www.hotelcormoran.com\/fr\/wp-json\/wp\/v2\/pages\/2719","targetHints":{"allow":["GET"]}}],"collection":[{"href":"https:\/\/www.hotelcormoran.com\/fr\/wp-json\/wp\/v2\/pages"}],"about":[{"href":"https:\/\/www.hotelcormoran.com\/fr\/wp-json\/wp\/v2\/types\/page"}],"author":[{"embeddable":true,"href":"https:\/\/www.hotelcormoran.com\/fr\/wp-json\/wp\/v2\/users\/1"}],"replies":[{"embeddable":true,"href":"https:\/\/www.hotelcormoran.com\/fr\/wp-json\/wp\/v2\/comments?post=2719"}],"version-history":[{"count":0,"href":"https:\/\/www.hotelcormoran.com\/fr\/wp-json\/wp\/v2\/pages\/2719\/revisions"}],"wp:attachment":[{"href":"https:\/\/www.hotelcormoran.com\/fr\/wp-json\/wp\/v2\/media?parent=2719"}],"curies":[{"name":"wp","href":"https:\/\/api.w.org\/{rel}","templated":true}]}}